{"id":398,"date":"2025-12-27T19:13:13","date_gmt":"2025-12-27T19:13:13","guid":{"rendered":"https:\/\/ztranslate.klantvoorbeeld.nl\/?page_id=398"},"modified":"2026-05-13T21:20:10","modified_gmt":"2026-05-13T19:20:10","slug":"prekladatelske-sluzby","status":"publish","type":"page","link":"https:\/\/ztranslate.klantvoorbeeld.nl\/sk\/prekladatelske-sluzby\/","title":{"rendered":"Prekladate\u013esk\u00e9 slu\u017eby"},"content":{"rendered":"<div data-elementor-type=\"wp-page\" data-elementor-id=\"398\" class=\"elementor elementor-398\" data-elementor-post-type=\"page\">\n\t\t\t\t\t\t<section class=\"elementor-section elementor-top-section elementor-element elementor-element-7d118a6d elementor-section-content-middle elementor-section-boxed elementor-section-height-default elementor-section-height-default\" data-id=\"7d118a6d\" data-element_type=\"section\" data-settings=\"{&quot;background_background&quot;:&quot;classic&quot;}\">\n\t\t\t\t\t\t\t<div class=\"elementor-background-overlay\"><\/div>\n\t\t\t\t\t\t\t<div class=\"elementor-container elementor-column-gap-default\">\n\t\t\t\t\t<div class=\"elementor-column elementor-col-100 elementor-top-column elementor-element elementor-element-4c3b085d\" data-id=\"4c3b085d\" data-element_type=\"column\">\n\t\t\t<div class=\"elementor-widget-wrap elementor-element-populated\">\n\t\t\t\t\t\t<section class=\"elementor-section elementor-inner-section elementor-element elementor-element-45d29e1 elementor-section-boxed elementor-section-height-default elementor-section-height-default\" data-id=\"45d29e1\" data-element_type=\"section\">\n\t\t\t\t\t\t<div class=\"elementor-container elementor-column-gap-default\">\n\t\t\t\t\t<div class=\"elementor-column elementor-col-100 elementor-inner-column elementor-element elementor-element-10fd2c9c\" data-id=\"10fd2c9c\" data-element_type=\"column\">\n\t\t\t<div class=\"elementor-widget-wrap elementor-element-populated\">\n\t\t\t\t\t\t<div class=\"elementor-element elementor-element-4db9b9e3 elementor-invisible elementor-widget elementor-widget-heading\" data-id=\"4db9b9e3\" data-element_type=\"widget\" data-settings=\"{&quot;_animation&quot;:&quot;fadeInRight&quot;}\" data-widget_type=\"heading.default\">\n\t\t\t\t\t<h2 class=\"elementor-heading-title elementor-size-default\">Prekladate\u013esk\u00e9 slu\u017eby <\/h2>\t\t\t\t<\/div>\n\t\t\t\t<div class=\"elementor-element elementor-element-71219151 elementor-invisible elementor-widget elementor-widget-heading\" data-id=\"71219151\" data-element_type=\"widget\" data-settings=\"{&quot;_animation&quot;:&quot;fadeInRight&quot;,&quot;_animation_delay&quot;:240}\" data-widget_type=\"heading.default\">\n\t\t\t\t\t<h2 class=\"elementor-heading-title elementor-size-default\">Be\u00ebdigde vertalingen voor juridisch en officieel gebruik<\/h2>\t\t\t\t<\/div>\n\t\t\t\t<div class=\"elementor-element elementor-element-4f231226 elementor-invisible elementor-widget elementor-widget-text-editor\" data-id=\"4f231226\" data-element_type=\"widget\" data-settings=\"{&quot;_animation&quot;:&quot;fadeInRight&quot;,&quot;_animation_delay&quot;:480}\" data-widget_type=\"text-editor.default\">\n\t\t\t\t\t\t\t\t\t<p>Bij offici\u00eble documenten is een correcte en juridisch geldige vertaling essentieel. Als be\u00ebdigd vertaler verzorg ik be\u00ebdigde vertalingen die voldoen aan de geldende eisen van instanties, organisaties en autoriteiten.<\/p>\t\t\t\t\t\t\t\t<\/div>\n\t\t\t\t\t<\/div>\n\t\t<\/div>\n\t\t\t\t\t<\/div>\n\t\t<\/section>\n\t\t\t\t\t<\/div>\n\t\t<\/div>\n\t\t\t\t\t<\/div>\n\t\t<\/section>\n\t\t\t\t<section class=\"elementor-section elementor-top-section elementor-element elementor-element-5c1de1ac elementor-section-boxed elementor-section-height-default elementor-section-height-default\" data-id=\"5c1de1ac\" data-element_type=\"section\">\n\t\t\t\t\t\t<div class=\"elementor-container elementor-column-gap-default\">\n\t\t\t\t\t<div class=\"elementor-column elementor-col-50 elementor-top-column elementor-element elementor-element-663bc842\" data-id=\"663bc842\" data-element_type=\"column\">\n\t\t\t<div class=\"elementor-widget-wrap elementor-element-populated\">\n\t\t\t\t\t\t<div class=\"elementor-element elementor-element-43d1710f elementor-widget elementor-widget-heading\" data-id=\"43d1710f\" data-element_type=\"widget\" data-widget_type=\"heading.default\">\n\t\t\t\t\t<h2 class=\"elementor-heading-title elementor-size-default\">\u010co zah\u0155\u0148a moja prekladate\u013esk\u00e1 slu\u017eba?<\/h2>\t\t\t\t<\/div>\n\t\t\t\t<div class=\"elementor-element elementor-element-72f39750 elementor-widget elementor-widget-text-editor\" data-id=\"72f39750\" data-element_type=\"widget\" data-widget_type=\"text-editor.default\">\n\t\t\t\t\t\t\t\t\t<p data-start=\"902\" data-end=\"1136\">Mijn vertaaldiensten zijn gericht op offici\u00eble, juridische en professionele documenten waarbij een goed bruikbare en correcte vertaling van belang is.<\/p><p data-start=\"902\" data-end=\"1136\">Een be\u00ebdigde vertaling wordt voorzien van een verklaring, handtekening en stempel en wordt officieel erkend door instanties in Nederland.<\/p><p data-start=\"1138\" data-end=\"1187\">Ka\u017ed\u00fd preklad je starostlivo skontrolovan\u00fd z h\u013eadiska:<\/p><ul data-start=\"1188\" data-end=\"1275\"><li data-start=\"1188\" data-end=\"1214\"><p data-start=\"1190\" data-end=\"1214\">Vecn\u00e1 presnos\u0165<\/p><\/li><li data-start=\"1215\" data-end=\"1242\"><p data-start=\"1217\" data-end=\"1242\">Terminol\u00f3gia a kontext<\/p><\/li><li data-start=\"1243\" data-end=\"1275\"><p data-start=\"1245\" data-end=\"1275\">Konzistentnos\u0165 a \u010ditate\u013enos\u0165<\/p><\/li><\/ul>\t\t\t\t\t\t\t\t<\/div>\n\t\t\t\t<div class=\"elementor-element elementor-element-68e41db elementor-widget elementor-widget-heading\" data-id=\"68e41db\" data-element_type=\"widget\" data-widget_type=\"heading.default\">\n\t\t\t\t\t<h2 class=\"elementor-heading-title elementor-size-default\">Jazyky prekladu:<\/h2>\t\t\t\t<\/div>\n\t\t\t\t<section class=\"elementor-section elementor-inner-section elementor-element elementor-element-21211283 elementor-section-boxed elementor-section-height-default elementor-section-height-default\" data-id=\"21211283\" data-element_type=\"section\">\n\t\t\t\t\t\t<div class=\"elementor-container elementor-column-gap-no\">\n\t\t\t\t\t<div class=\"elementor-column elementor-col-100 elementor-inner-column elementor-element elementor-element-a03faa7\" data-id=\"a03faa7\" data-element_type=\"column\">\n\t\t\t<div class=\"elementor-widget-wrap elementor-element-populated\">\n\t\t\t\t\t\t<div class=\"elementor-element elementor-element-42844f3b elementor-widget elementor-widget-text-editor\" data-id=\"42844f3b\" data-element_type=\"widget\" data-widget_type=\"text-editor.default\">\n\t\t\t\t\t\t\t\t\t<p data-start=\"1299\" data-end=\"1354\">Poskytujem s\u00fadne preklady pre nasleduj\u00face jazyky:<\/p><ul data-start=\"1356\" data-end=\"1502\"><li data-start=\"1356\" data-end=\"1393\"><p data-start=\"1358\" data-end=\"1393\">Tsjechisch \u2194 Nederlands\u00a0<\/p><\/li><li data-start=\"1394\" data-end=\"1429\"><p data-start=\"1396\" data-end=\"1429\">Russisch \u2194 Nederlands\u00a0<\/p><\/li><li data-start=\"1430\" data-end=\"1502\"><p data-start=\"1432\" data-end=\"1502\">Slowaaks \u2194 Nederlands<\/p><\/li><\/ul><p>Voor het Pools verzorg ik uitsluitend tolkdiensten en geen be\u00ebdigde vertalingen. Be\u00ebdigde vertalingen van en naar het Engels verzorg ik niet. In Nederland is voor iedere taalcombinatie een afzonderlijke registratie als be\u00ebdigd vertaler vereist. Voor Engels beschik ik niet over deze registratie.<\/p>\t\t\t\t\t\t\t\t<\/div>\n\t\t\t\t\t<\/div>\n\t\t<\/div>\n\t\t\t\t\t<\/div>\n\t\t<\/section>\n\t\t\t\t<div class=\"elementor-element elementor-element-7f5c313 elementor-widget elementor-widget-heading\" data-id=\"7f5c313\" data-element_type=\"widget\" data-widget_type=\"heading.default\">\n\t\t\t\t\t<h2 class=\"elementor-heading-title elementor-size-default\">Typy dokumentov:<\/h2>\t\t\t\t<\/div>\n\t\t\t\t<div class=\"elementor-element elementor-element-256eeae elementor-widget elementor-widget-text-editor\" data-id=\"256eeae\" data-element_type=\"widget\" data-widget_type=\"text-editor.default\">\n\t\t\t\t\t\t\t\t\t<p data-start=\"1608\" data-end=\"1662\">Moje prekladate\u013esk\u00e9 slu\u017eby sa vyu\u017e\u00edvaj\u00fa okrem in\u00e9ho na:<\/p><ul data-start=\"1664\" data-end=\"1814\"><li data-start=\"1664\" data-end=\"1688\"><p data-start=\"1666\" data-end=\"1688\">Ofici\u00e1lne dokumenty<\/p><\/li><li data-start=\"1689\" data-end=\"1711\"><p data-start=\"1691\" data-end=\"1711\">Pr\u00e1vne dokumenty<\/p><\/li><li data-start=\"1712\" data-end=\"1735\"><p data-start=\"1714\" data-end=\"1735\">Vl\u00e1dne dokumenty<\/p><\/li><li data-start=\"1736\" data-end=\"1765\"><p data-start=\"1738\" data-end=\"1765\">Obchodn\u00e1 kore\u0161pondencia<\/p><\/li><li data-start=\"1766\" data-end=\"1814\"><p data-start=\"1768\" data-end=\"1814\">Osobn\u00e9 dokumenty form\u00e1lnej povahy<\/p><\/li><\/ul><p data-start=\"1816\" data-end=\"1901\">V pr\u00edpade z\u00e1ujmu je mo\u017en\u00e9 vopred dohodn\u00fa\u0165, \u010di je potrebn\u00fd s\u00fadny preklad.<\/p>\t\t\t\t\t\t\t\t<\/div>\n\t\t\t\t<div class=\"elementor-element elementor-element-72a7c71 elementor-widget elementor-widget-heading\" data-id=\"72a7c71\" data-element_type=\"widget\" data-widget_type=\"heading.default\">\n\t\t\t\t\t<h2 class=\"elementor-heading-title elementor-size-default\">Apostille:<\/h2>\t\t\t\t<\/div>\n\t\t\t\t<div class=\"elementor-element elementor-element-21fd52e elementor-widget elementor-widget-text-editor\" data-id=\"21fd52e\" data-element_type=\"widget\" data-widget_type=\"text-editor.default\">\n\t\t\t\t\t\t\t\t\t<p>Apostilles worden afgegeven door de rechtbank en niet door de vertaler zelf. Indien gewenst kan ik de aanvraag en afhandeling van een apostille tegen vergoeding verzorgen.<\/p>\t\t\t\t\t\t\t\t<\/div>\n\t\t\t\t<div class=\"elementor-element elementor-element-ac76818 elementor-widget elementor-widget-heading\" data-id=\"ac76818\" data-element_type=\"widget\" data-widget_type=\"heading.default\">\n\t\t\t\t\t<h2 class=\"elementor-heading-title elementor-size-default\">Typy dokumentov:<\/h2>\t\t\t\t<\/div>\n\t\t\t\t<div class=\"elementor-element elementor-element-6f71c10 elementor-widget elementor-widget-text-editor\" data-id=\"6f71c10\" data-element_type=\"widget\" data-widget_type=\"text-editor.default\">\n\t\t\t\t\t\t\t\t\t<p>Moje prekladate\u013esk\u00e9 slu\u017eby sa vyu\u017e\u00edvaj\u00fa okrem in\u00e9ho na:<\/p><ul data-start=\"1999\" data-end=\"2103\"><li data-start=\"1999\" data-end=\"2020\"><p data-start=\"2001\" data-end=\"2020\">Overeenkomsten, zoals arbeidsovereenkomsten, koopovereenkomsten en huurovereenkomsten<\/p><\/li><li data-start=\"2021\" data-end=\"2050\"><p data-start=\"2023\" data-end=\"2050\">Echtscheidingsdocumenten en ongehuwdverklaringen<\/p><\/li><li data-start=\"2021\" data-end=\"2050\"><p data-start=\"2023\" data-end=\"2050\">Testamenten, levenstestamenten en erfrechtdocumenten<\/p><\/li><li data-start=\"2021\" data-end=\"2050\"><p data-start=\"2023\" data-end=\"2050\">Samenlevingsovereenkomsten en huwelijkse voorwaarden<\/p><\/li><li data-start=\"2021\" data-end=\"2050\"><p data-start=\"2023\" data-end=\"2050\">Akten van levering, verdeling en hypotheek<\/p><\/li><li data-start=\"2021\" data-end=\"2050\"><p data-start=\"2023\" data-end=\"2050\">Kadasteruittreksels en documenten inzake de herkomst van gelden<\/p><\/li><li data-start=\"2021\" data-end=\"2050\"><p data-start=\"2023\" data-end=\"2050\">Bank- en vermogensdocumentatie ten behoeve van notari\u00eble of financi\u00eble procedures<\/p><\/li><li data-start=\"2021\" data-end=\"2050\"><p data-start=\"2023\" data-end=\"2050\">Volmachten, oprichtingsaktes, (bedrijfs)statuten en KvK-uittreksels<\/p><\/li><li data-start=\"2021\" data-end=\"2050\"><p data-start=\"2023\" data-end=\"2050\">Dagvaardingen en processen-verbaal<\/p><\/li><li data-start=\"2021\" data-end=\"2050\"><p data-start=\"2023\" data-end=\"2050\">Beschikkingen, oproepingen en besluiten van rechtbanken<\/p><\/li><li data-start=\"2021\" data-end=\"2050\"><p data-start=\"2023\" data-end=\"2050\">Medische rapporten en VOG-verklaringen<\/p><\/li><li data-start=\"2021\" data-end=\"2050\"><p data-start=\"2023\" data-end=\"2050\">Diploma\u2019s, certificaten en verklaringen<\/p><\/li><li data-start=\"2021\" data-end=\"2050\"><p data-start=\"2023\" data-end=\"2050\">Adresinschrijvingen en naturalisatiedocumenten<\/p><\/li><li data-start=\"2021\" data-end=\"2050\"><p data-start=\"2023\" data-end=\"2050\">Correspondentie en jaarverslagen<\/p><\/li><li data-start=\"2021\" data-end=\"2050\"><p data-start=\"2023\" data-end=\"2050\">Andere offici\u00eble, juridische en professionele documenten<\/p><\/li><\/ul><p>Eventuele vereisten van de ontvangende instantieIndien gewenst kan vooraf worden afgestemd of een be\u00ebdigde vertaling noodzakelijk is.<\/p>\t\t\t\t\t\t\t\t<\/div>\n\t\t\t\t<div class=\"elementor-element elementor-element-d4620e2 elementor-widget elementor-widget-heading\" data-id=\"d4620e2\" data-element_type=\"widget\" data-widget_type=\"heading.default\">\n\t\t\t\t\t<h2 class=\"elementor-heading-title elementor-size-default\">Met\u00f3da:<\/h2>\t\t\t\t<\/div>\n\t\t\t\t<div class=\"elementor-element elementor-element-2c5706c elementor-widget elementor-widget-text-editor\" data-id=\"2c5706c\" data-element_type=\"widget\" data-widget_type=\"text-editor.default\">\n\t\t\t\t\t\t\t\t\t<p data-start=\"1922\" data-end=\"1998\">Elke vertaalopdracht start met een korte afstemming over:<\/p><ul data-start=\"1999\" data-end=\"2103\"><li data-start=\"1999\" data-end=\"2020\"><p data-start=\"2001\" data-end=\"2020\">Typ dokumentu<\/p><\/li><li data-start=\"2021\" data-end=\"2050\"><p data-start=\"2023\" data-end=\"2050\">\u00da\u010del prekladu<\/p><\/li><li data-start=\"2051\" data-end=\"2103\"><p data-start=\"2053\" data-end=\"2103\">Ak\u00e9ko\u013evek po\u017eiadavky prij\u00edmaj\u00faceho org\u00e1nu<\/p><\/li><\/ul><p data-start=\"2105\" data-end=\"2199\">Bij het bepalen van de kosten en levertijd wordt onder andere rekening gehouden met het woordaantal, de gewenste leveringssnelheid en de complexiteit van de lay-out van het document. Op basis hiervan ontvangt u duidelijke informatie over de aanpak, levertijd en kosten.<\/p>\t\t\t\t\t\t\t\t<\/div>\n\t\t\t\t<div class=\"elementor-element elementor-element-f387d24 elementor-widget elementor-widget-heading\" data-id=\"f387d24\" data-element_type=\"widget\" data-widget_type=\"heading.default\">\n\t\t\t\t\t<h2 class=\"elementor-heading-title elementor-size-default\">Verificatie en apostille:<\/h2>\t\t\t\t<\/div>\n\t\t\t\t<div class=\"elementor-element elementor-element-2d17c6a elementor-widget elementor-widget-text-editor\" data-id=\"2d17c6a\" data-element_type=\"widget\" data-widget_type=\"text-editor.default\">\n\t\t\t\t\t\t\t\t\t<p>Voor be\u00ebdigde vertalingen kan het voorkomen dat een instantie aanvullende verificatie of legalisatie verlangt. Een be\u00ebdigde vertaling wordt voorzien van een verklaring, handtekening en stempel van de be\u00ebdigd vertaler.<\/p><p>In sommige gevallen is daarnaast een apostille vereist. Een apostille wordt afgegeven door de rechtbank en bevestigt de bevoegdheid van de be\u00ebdigd vertaler<\/p><p>Indien nodig kan vooraf worden afgestemd welke vereisten gelden voor het land of de instantie waarvoor de vertaling bestemd is.<\/p>\t\t\t\t\t\t\t\t<\/div>\n\t\t\t\t\t<\/div>\n\t\t<\/div>\n\t\t\t\t<div class=\"elementor-column elementor-col-50 elementor-top-column elementor-element elementor-element-60489ad2\" data-id=\"60489ad2\" data-element_type=\"column\">\n\t\t\t<div class=\"elementor-widget-wrap elementor-element-populated\">\n\t\t\t\t\t\t<div class=\"elementor-element elementor-element-33871822 elementor-cta--skin-cover elementor-cta--valign-bottom elementor-bg-transform elementor-bg-transform-zoom-in elementor-invisible elementor-widget elementor-widget-call-to-action\" data-id=\"33871822\" data-element_type=\"widget\" data-settings=\"{&quot;_animation&quot;:&quot;fadeInUp&quot;}\" data-widget_type=\"call-to-action.default\">\n\t\t\t\t\t\t\t<div class=\"elementor-cta\">\n\t\t\t\t\t<div class=\"elementor-cta__bg-wrapper\">\n\t\t\t\t<div class=\"elementor-cta__bg elementor-bg\" style=\"background-image: url(https:\/\/ztranslate.klantvoorbeeld.nl\/wp-content\/uploads\/2025\/12\/note-book-with-fabric-bookmark-2024-11-27-09-37-06-utc-scaled.jpg);\" role=\"img\" aria-label=\"Z\u00e1pisn\u00edk s \u010diernym obalom a l\u00e1tkovou z\u00e1lo\u017ekou.\"><\/div>\n\t\t\t\t<div class=\"elementor-cta__bg-overlay\"><\/div>\n\t\t\t<\/div>\n\t\t\t\t\t\t\t<div class=\"elementor-cta__content\">\n\t\t\t\t\n\t\t\t\t\t\t\t\t\t<h2 class=\"elementor-cta__title elementor-cta__content-item elementor-content-item\">\n\t\t\t\t\t\tKontakt a dostupnos\u0165\t\t\t\t\t<\/h2>\n\t\t\t\t\n\t\t\t\t\t\t\t\t\t<div class=\"elementor-cta__description elementor-cta__content-item elementor-content-item\">\n\t\t\t\t\t\tChceli by ste si necha\u0165 prelo\u017ei\u0165 dokument alebo by ste sa chceli poradi\u0165, \u010di je potrebn\u00fd s\u00fadny preklad? Nev\u00e1hajte n\u00e1s kontaktova\u0165 oh\u013eadom dostupnosti a koordin\u00e1cie.\t\t\t\t\t<\/div>\n\t\t\t\t\n\t\t\t\t\t\t\t\t\t<div class=\"elementor-cta__button-wrapper elementor-cta__content-item elementor-content-item\">\n\t\t\t\t\t<a class=\"elementor-cta__button elementor-button elementor-size-xs\" href=\"https:\/\/ztranslate.klantvoorbeeld.nl\/sk\/contact\/\">\n\t\t\t\t\t\tKontaktujte n\u00e1s\t\t\t\t\t<\/a>\n\t\t\t\t\t<\/div>\n\t\t\t\t\t\t\t<\/div>\n\t\t\t\t\t\t<\/div>\n\t\t\t\t\t\t<\/div>\n\t\t\t\t\t<\/div>\n\t\t<\/div>\n\t\t\t\t\t<\/div>\n\t\t<\/section>\n\t\t\t\t<\/div>","protected":false},"excerpt":{"rendered":"<p>Vertaaldiensten Be\u00ebdigde vertalingen voor juridisch en officieel gebruik Bij offici\u00eble documenten is een correcte en juridisch geldige vertaling essentieel. Als be\u00ebdigd vertaler verzorg ik be\u00ebdigde vertalingen die voldoen aan de geldende eisen van instanties, organisaties en autoriteiten. Wat houdt mijn vertaaldienst in? Mijn vertaaldiensten zijn gericht op offici\u00eble, juridische en professionele documenten waarbij een goed [&hellip;]<\/p>\n","protected":false},"author":1,"featured_media":0,"parent":0,"menu_order":0,"comment_status":"closed","ping_status":"closed","template":"elementor_header_footer","meta":{"footnotes":""},"class_list":["post-398","page","type-page","status-publish","hentry"],"_links":{"self":[{"href":"https:\/\/ztranslate.klantvoorbeeld.nl\/sk\/wp-json\/wp\/v2\/pages\/398","targetHints":{"allow":["GET"]}}],"collection":[{"href":"https:\/\/ztranslate.klantvoorbeeld.nl\/sk\/wp-json\/wp\/v2\/pages"}],"about":[{"href":"https:\/\/ztranslate.klantvoorbeeld.nl\/sk\/wp-json\/wp\/v2\/types\/page"}],"author":[{"embeddable":true,"href":"https:\/\/ztranslate.klantvoorbeeld.nl\/sk\/wp-json\/wp\/v2\/users\/1"}],"replies":[{"embeddable":true,"href":"https:\/\/ztranslate.klantvoorbeeld.nl\/sk\/wp-json\/wp\/v2\/comments?post=398"}],"version-history":[{"count":25,"href":"https:\/\/ztranslate.klantvoorbeeld.nl\/sk\/wp-json\/wp\/v2\/pages\/398\/revisions"}],"predecessor-version":[{"id":633,"href":"https:\/\/ztranslate.klantvoorbeeld.nl\/sk\/wp-json\/wp\/v2\/pages\/398\/revisions\/633"}],"wp:attachment":[{"href":"https:\/\/ztranslate.klantvoorbeeld.nl\/sk\/wp-json\/wp\/v2\/media?parent=398"}],"curies":[{"name":"wp","href":"https:\/\/api.w.org\/{rel}","templated":true}]}}