{"id":419,"date":"2025-12-27T19:39:25","date_gmt":"2025-12-27T19:39:25","guid":{"rendered":"https:\/\/ztranslate.klantvoorbeeld.nl\/?page_id=419"},"modified":"2025-12-27T19:49:22","modified_gmt":"2025-12-27T19:49:22","slug":"%d0%bd%d0%be%d1%82%d0%b0%d1%80%d0%b8%d0%b0%d0%bb%d1%8c%d0%bd%d1%8b%d0%b5-%d0%b0%d0%ba%d1%82%d1%8b","status":"publish","type":"page","link":"https:\/\/ztranslate.klantvoorbeeld.nl\/ru\/%d0%bd%d0%be%d1%82%d0%b0%d1%80%d0%b8%d0%b0%d0%bb%d1%8c%d0%bd%d1%8b%d0%b5-%d0%b0%d0%ba%d1%82%d1%8b\/","title":{"rendered":"\u041d\u043e\u0442\u0430\u0440\u0438\u0443\u0441 \u0438 \u043e\u0444\u043e\u0440\u043c\u043b\u0435\u043d\u0438\u0435 \u0434\u043e\u043a\u0443\u043c\u0435\u043d\u0442\u043e\u0432"},"content":{"rendered":"<div data-elementor-type=\"wp-page\" data-elementor-id=\"419\" class=\"elementor elementor-419\" data-elementor-post-type=\"page\">\n\t\t\t\t\t\t<section class=\"elementor-section elementor-top-section elementor-element elementor-element-7d118a6d elementor-section-content-middle elementor-section-boxed elementor-section-height-default elementor-section-height-default\" data-id=\"7d118a6d\" data-element_type=\"section\" data-settings=\"{&quot;background_background&quot;:&quot;classic&quot;}\">\n\t\t\t\t\t\t\t<div class=\"elementor-background-overlay\"><\/div>\n\t\t\t\t\t\t\t<div class=\"elementor-container elementor-column-gap-default\">\n\t\t\t\t\t<div class=\"elementor-column elementor-col-100 elementor-top-column elementor-element elementor-element-4c3b085d\" data-id=\"4c3b085d\" data-element_type=\"column\">\n\t\t\t<div class=\"elementor-widget-wrap elementor-element-populated\">\n\t\t\t\t\t\t<section class=\"elementor-section elementor-inner-section elementor-element elementor-element-45d29e1 elementor-section-boxed elementor-section-height-default elementor-section-height-default\" data-id=\"45d29e1\" data-element_type=\"section\">\n\t\t\t\t\t\t<div class=\"elementor-container elementor-column-gap-default\">\n\t\t\t\t\t<div class=\"elementor-column elementor-col-100 elementor-inner-column elementor-element elementor-element-10fd2c9c\" data-id=\"10fd2c9c\" data-element_type=\"column\">\n\t\t\t<div class=\"elementor-widget-wrap elementor-element-populated\">\n\t\t\t\t\t\t<div class=\"elementor-element elementor-element-4db9b9e3 elementor-invisible elementor-widget elementor-widget-heading\" data-id=\"4db9b9e3\" data-element_type=\"widget\" data-settings=\"{&quot;_animation&quot;:&quot;fadeInRight&quot;}\" data-widget_type=\"heading.default\">\n\t\t\t\t\t<h2 class=\"elementor-heading-title elementor-size-default\">\u041d\u043e\u0442\u0430\u0440\u0438\u0443\u0441 \u0438 \u043e\u0444\u043e\u0440\u043c\u043b\u0435\u043d\u0438\u0435 \u0434\u043e\u043a\u0443\u043c\u0435\u043d\u0442\u043e\u0432<\/h2>\t\t\t\t<\/div>\n\t\t\t\t<div class=\"elementor-element elementor-element-71219151 elementor-invisible elementor-widget elementor-widget-heading\" data-id=\"71219151\" data-element_type=\"widget\" data-settings=\"{&quot;_animation&quot;:&quot;fadeInRight&quot;,&quot;_animation_delay&quot;:240}\" data-widget_type=\"heading.default\">\n\t\t\t\t\t<h2 class=\"elementor-heading-title elementor-size-default\">\u042f\u0437\u044b\u043a\u043e\u0432\u0430\u044f \u043f\u043e\u0434\u0434\u0435\u0440\u0436\u043a\u0430 \u043f\u0440\u0438 \u043e\u0444\u043e\u0440\u043c\u043b\u0435\u043d\u0438\u0438 \u043d\u043e\u0442\u0430\u0440\u0438\u0430\u043b\u044c\u043d\u044b\u0445 \u0430\u043a\u0442\u043e\u0432 \u0438 \u043e\u0444\u0438\u0446\u0438\u0430\u043b\u044c\u043d\u044b\u0445 \u0437\u0430\u044f\u0432\u043b\u0435\u043d\u0438\u0439.<\/h2>\t\t\t\t<\/div>\n\t\t\t\t<div class=\"elementor-element elementor-element-4f231226 elementor-invisible elementor-widget elementor-widget-text-editor\" data-id=\"4f231226\" data-element_type=\"widget\" data-settings=\"{&quot;_animation&quot;:&quot;fadeInRight&quot;,&quot;_animation_delay&quot;:480}\" data-widget_type=\"text-editor.default\">\n\t\t\t\t\t\t\t\t\t<p data-start=\"410\" data-end=\"709\">\u0412 \u043d\u043e\u0442\u0430\u0440\u0438\u0430\u043b\u044c\u043d\u044b\u0445 \u0430\u043a\u0442\u0430\u0445 \u043a\u0440\u0430\u0439\u043d\u0435 \u0432\u0430\u0436\u043d\u043e, \u0447\u0442\u043e\u0431\u044b \u0432\u0441\u0435 \u0443\u0447\u0430\u0441\u0442\u0432\u0443\u044e\u0449\u0438\u0435 \u0441\u0442\u043e\u0440\u043e\u043d\u044b \u043f\u043e\u043b\u043d\u043e\u0441\u0442\u044c\u044e \u043f\u043e\u043d\u0438\u043c\u0430\u043b\u0438 \u0441\u043e\u0434\u0435\u0440\u0436\u0430\u043d\u0438\u0435 \u0434\u043e\u043a\u0443\u043c\u0435\u043d\u0442\u043e\u0432 \u0438 \u0437\u0430\u044f\u0432\u043b\u0435\u043d\u0438\u0439. \u041a\u0430\u043a \u043f\u0440\u0438\u0441\u044f\u0436\u043d\u044b\u0439 \u043f\u0435\u0440\u0435\u0432\u043e\u0434\u0447\u0438\u043a, \u044f \u043e\u043a\u0430\u0437\u044b\u0432\u0430\u044e \u043f\u0440\u043e\u0444\u0435\u0441\u0441\u0438\u043e\u043d\u0430\u043b\u044c\u043d\u0443\u044e \u043f\u043e\u0434\u0434\u0435\u0440\u0436\u043a\u0443 \u0432 \u043d\u043e\u0442\u0430\u0440\u0438\u0430\u043b\u044c\u043d\u044b\u0445 \u043f\u0440\u043e\u0446\u0435\u0434\u0443\u0440\u0430\u0445, \u043a\u043e\u0433\u0434\u0430 \u043e\u0434\u043d\u0430 \u0438\u043b\u0438 \u043d\u0435\u0441\u043a\u043e\u043b\u044c\u043a\u043e \u0441\u0442\u043e\u0440\u043e\u043d \u043d\u0435\u0434\u043e\u0441\u0442\u0430\u0442\u043e\u0447\u043d\u043e \u0445\u043e\u0440\u043e\u0448\u043e \u0432\u043b\u0430\u0434\u0435\u044e\u0442 \u043d\u0438\u0434\u0435\u0440\u043b\u0430\u043d\u0434\u0441\u043a\u0438\u043c \u044f\u0437\u044b\u043a\u043e\u043c.<\/p><p data-start=\"711\" data-end=\"834\">\u041c\u043e\u0438 \u0443\u0441\u043b\u0443\u0433\u0438 \u043d\u0430\u043f\u0440\u0430\u0432\u043b\u0435\u043d\u044b \u043d\u0430 \u043e\u0431\u0435\u0441\u043f\u0435\u0447\u0435\u043d\u0438\u0435 \u043f\u0440\u0430\u0432\u0438\u043b\u044c\u043d\u043e\u0433\u043e, \u043f\u0440\u043e\u0437\u0440\u0430\u0447\u043d\u043e\u0433\u043e \u0438 \u044e\u0440\u0438\u0434\u0438\u0447\u0435\u0441\u043a\u0438 \u0434\u0435\u0439\u0441\u0442\u0432\u0438\u0442\u0435\u043b\u044c\u043d\u043e\u0433\u043e \u043e\u0444\u043e\u0440\u043c\u043b\u0435\u043d\u0438\u044f \u043d\u043e\u0442\u0430\u0440\u0438\u0430\u043b\u044c\u043d\u044b\u0445 \u0430\u043a\u0442\u043e\u0432.<\/p>\t\t\t\t\t\t\t\t<\/div>\n\t\t\t\t\t<\/div>\n\t\t<\/div>\n\t\t\t\t\t<\/div>\n\t\t<\/section>\n\t\t\t\t\t<\/div>\n\t\t<\/div>\n\t\t\t\t\t<\/div>\n\t\t<\/section>\n\t\t\t\t<section class=\"elementor-section elementor-top-section elementor-element elementor-element-5c1de1ac elementor-section-boxed elementor-section-height-default elementor-section-height-default\" data-id=\"5c1de1ac\" data-element_type=\"section\">\n\t\t\t\t\t\t<div class=\"elementor-container elementor-column-gap-default\">\n\t\t\t\t\t<div class=\"elementor-column elementor-col-50 elementor-top-column elementor-element elementor-element-663bc842\" data-id=\"663bc842\" data-element_type=\"column\">\n\t\t\t<div class=\"elementor-widget-wrap elementor-element-populated\">\n\t\t\t\t\t\t<div class=\"elementor-element elementor-element-43d1710f elementor-widget elementor-widget-heading\" data-id=\"43d1710f\" data-element_type=\"widget\" data-widget_type=\"heading.default\">\n\t\t\t\t\t<h2 class=\"elementor-heading-title elementor-size-default\">\u041f\u0440\u0438\u0441\u044f\u0436\u043d\u044b\u0439 \u043f\u0435\u0440\u0435\u0432\u043e\u0434\u0447\u0438\u043a \u0432 \u043d\u043e\u0442\u0430\u0440\u0438\u0430\u043b\u044c\u043d\u043e\u0439 \u043a\u043e\u043d\u0442\u043e\u0440\u0435<\/h2>\t\t\t\t<\/div>\n\t\t\t\t<div class=\"elementor-element elementor-element-72f39750 elementor-widget elementor-widget-text-editor\" data-id=\"72f39750\" data-element_type=\"widget\" data-widget_type=\"text-editor.default\">\n\t\t\t\t\t\t\t\t\t<p data-start=\"876\" data-end=\"927\">\u0412 \u043a\u0430\u0447\u0435\u0441\u0442\u0432\u0435 \u043f\u0440\u0438\u0441\u044f\u0436\u043d\u043e\u0433\u043e \u043f\u0435\u0440\u0435\u0432\u043e\u0434\u0447\u0438\u043a\u0430 \u044f \u043e\u043a\u0430\u0437\u044b\u0432\u0430\u044e \u0441\u043b\u0435\u0434\u0443\u044e\u0449\u0438\u0435 \u0443\u0441\u043b\u0443\u0433\u0438, \u0432 \u0447\u0430\u0441\u0442\u043d\u043e\u0441\u0442\u0438:<\/p><ul data-start=\"928\" data-end=\"1065\"><li data-start=\"928\" data-end=\"964\"><p data-start=\"930\" data-end=\"964\">\u0418\u0441\u043f\u043e\u043b\u043d\u0435\u043d\u0438\u0435 \u043d\u043e\u0442\u0430\u0440\u0438\u0430\u043b\u044c\u043d\u044b\u0445 \u0430\u043a\u0442\u043e\u0432<\/p><\/li><li data-start=\"965\" data-end=\"995\"><p data-start=\"967\" data-end=\"995\">\u0417\u0430\u044f\u0432\u043b\u0435\u043d\u0438\u044f \u0438 \u0434\u043e\u0432\u0435\u0440\u0435\u043d\u043d\u043e\u0441\u0442\u0438<\/p><\/li><li data-start=\"996\" data-end=\"1028\"><p data-start=\"998\" data-end=\"1028\">\u0423\u0447\u0440\u0435\u0434\u0438\u0442\u0435\u043b\u044c\u043d\u044b\u0435 \u0434\u043e\u043a\u0443\u043c\u0435\u043d\u0442\u044b \u0438 \u0443\u0441\u0442\u0430\u0432\u044b \u043a\u043e\u043c\u043f\u0430\u043d\u0438\u0438<\/p><\/li><li data-start=\"1029\" data-end=\"1065\"><p data-start=\"1031\" data-end=\"1065\">\u0414\u043e\u0433\u043e\u0432\u043e\u0440\u044b \u043f\u0435\u0440\u0435\u0434\u0430\u0447\u0438 \u043f\u0440\u0430\u0432\u0430 \u0441\u043e\u0431\u0441\u0442\u0432\u0435\u043d\u043d\u043e\u0441\u0442\u0438 \u0438 \u0438\u043f\u043e\u0442\u0435\u0447\u043d\u044b\u0435 \u0434\u043e\u0433\u043e\u0432\u043e\u0440\u044b<\/p><\/li><\/ul><p data-start=\"1067\" data-end=\"1217\">\u0412 \u0445\u043e\u0434\u0435 \u0432\u0441\u0442\u0440\u0435\u0447\u0438 \u044f \u0433\u0430\u0440\u0430\u043d\u0442\u0438\u0440\u0443\u044e \u043f\u043e\u043b\u043d\u0443\u044e \u0438 \u043d\u0435\u0439\u0442\u0440\u0430\u043b\u044c\u043d\u0443\u044e \u0443\u0441\u0442\u043d\u0443\u044e \u043f\u0435\u0440\u0435\u0434\u0430\u0447\u0443 \u0438\u043d\u0444\u043e\u0440\u043c\u0430\u0446\u0438\u0438, \u0447\u0442\u043e\u0431\u044b \u0432\u0441\u0435 \u0441\u0442\u043e\u0440\u043e\u043d\u044b \u043f\u043e\u043d\u0438\u043c\u0430\u043b\u0438 \u0441\u043e\u0434\u0435\u0440\u0436\u0430\u043d\u0438\u0435 \u0438 \u043f\u043e\u0441\u043b\u0435\u0434\u0441\u0442\u0432\u0438\u044f \u0441\u0434\u0435\u043b\u043a\u0438.<\/p><p data-start=\"1219\" data-end=\"1245\"><strong>\u0414\u043e\u0441\u0442\u0443\u043f\u043d\u044b\u0435 \u044f\u0437\u044b\u043a\u0438 \u0438\u043d\u0442\u0435\u0440\u043f\u0440\u0435\u0442\u0430\u0442\u043e\u0440\u0430:<\/strong><\/p><ul data-start=\"1246\" data-end=\"1372\"><li data-start=\"1246\" data-end=\"1279\"><p data-start=\"1248\" data-end=\"1279\">\u0427\u0435\u0448\u0441\u043a\u0438\u0439 \u2013 \u043f\u0440\u0438\u0441\u044f\u0436\u043d\u044b\u0439 \u043f\u0435\u0440\u0435\u0432\u043e\u0434\u0447\u0438\u043a<\/p><\/li><li data-start=\"1280\" data-end=\"1311\"><p data-start=\"1282\" data-end=\"1311\">\u0420\u0443\u0441\u0441\u043a\u0438\u0439 \u2013 \u043f\u0440\u0438\u0441\u044f\u0436\u043d\u044b\u0439 \u043f\u0435\u0440\u0435\u0432\u043e\u0434\u0447\u0438\u043a<\/p><\/li><li data-start=\"1312\" data-end=\"1343\"><p data-start=\"1314\" data-end=\"1343\">\u0421\u043b\u043e\u0432\u0430\u0446\u043a\u0438\u0439 \u2013 \u043f\u0440\u0438\u0441\u044f\u0436\u043d\u044b\u0439 \u043f\u0435\u0440\u0435\u0432\u043e\u0434\u0447\u0438\u043a<\/p><\/li><li data-start=\"1344\" data-end=\"1372\"><p data-start=\"1346\" data-end=\"1372\">\u041f\u043e\u043b\u044c\u0441\u043a\u0438\u0439 \u2013 \u043f\u0440\u0438\u0441\u044f\u0436\u043d\u044b\u0439 \u043f\u0435\u0440\u0435\u0432\u043e\u0434\u0447\u0438\u043a<\/p><\/li><\/ul>\t\t\t\t\t\t\t\t<\/div>\n\t\t\t\t<div class=\"elementor-element elementor-element-7f5c313 elementor-widget elementor-widget-heading\" data-id=\"7f5c313\" data-element_type=\"widget\" data-widget_type=\"heading.default\">\n\t\t\t\t\t<h2 class=\"elementor-heading-title elementor-size-default\">\u0417\u0430\u0432\u0435\u0440\u0435\u043d\u043d\u044b\u0435 \u043f\u0435\u0440\u0435\u0432\u043e\u0434\u044b \u043d\u043e\u0442\u0430\u0440\u0438\u0430\u043b\u044c\u043d\u044b\u0445 \u0430\u043a\u0442\u043e\u0432:<\/h2>\t\t\t\t<\/div>\n\t\t\t\t<div class=\"elementor-element elementor-element-256eeae elementor-widget elementor-widget-text-editor\" data-id=\"256eeae\" data-element_type=\"widget\" data-widget_type=\"text-editor.default\">\n\t\t\t\t\t\t\t\t\t<p data-start=\"1424\" data-end=\"1628\">\u0414\u043b\u044f \u043f\u0438\u0441\u044c\u043c\u0435\u043d\u043d\u044b\u0445 \u0434\u043e\u043a\u0443\u043c\u0435\u043d\u0442\u043e\u0432 \u044f \u043f\u0440\u0435\u0434\u043e\u0441\u0442\u0430\u0432\u043b\u044f\u044e \u0437\u0430\u0432\u0435\u0440\u0435\u043d\u043d\u044b\u0435 \u043f\u0435\u0440\u0435\u0432\u043e\u0434\u044b, \u043e\u0444\u0438\u0446\u0438\u0430\u043b\u044c\u043d\u043e \u043f\u0440\u0438\u0437\u043d\u0430\u043d\u043d\u044b\u0435 \u043d\u043e\u0442\u0430\u0440\u0438\u0443\u0441\u0430\u043c\u0438 \u0438 \u0434\u0440\u0443\u0433\u0438\u043c\u0438 \u043e\u0440\u0433\u0430\u043d\u0430\u043c\u0438 \u0432\u043b\u0430\u0441\u0442\u0438. \u041f\u0435\u0440\u0435\u0432\u043e\u0434\u044b \u0441\u043e\u043f\u0440\u043e\u0432\u043e\u0436\u0434\u0430\u044e\u0442\u0441\u044f \u0437\u0430\u044f\u0432\u043b\u0435\u043d\u0438\u0435\u043c, \u043f\u043e\u0434\u043f\u0438\u0441\u044c\u044e \u0438 \u043f\u0435\u0447\u0430\u0442\u044c\u044e.<\/p><p data-start=\"1630\" data-end=\"1656\"><strong>\u042f\u0437\u044b\u043a\u0438 \u043f\u0440\u0438\u0441\u044f\u0436\u043d\u043e\u0433\u043e \u043f\u0435\u0440\u0435\u0432\u043e\u0434\u0430:<\/strong><\/p><ul data-start=\"1657\" data-end=\"1746\"><li data-start=\"1657\" data-end=\"1675\"><p data-start=\"1659\" data-end=\"1675\">\u0447\u0435\u0448\u0441\u043a\u0438\u0439<\/p><\/li><li data-start=\"1676\" data-end=\"1692\"><p data-start=\"1678\" data-end=\"1692\">\u0420\u0443\u0441\u0441\u043a\u0438\u0439<\/p><\/li><li data-start=\"1693\" data-end=\"1746\"><p data-start=\"1695\" data-end=\"1746\">\u0441\u043b\u043e\u0432\u0430\u0446\u043a\u0438\u0439 <em data-start=\"1708\" data-end=\"1744\">(\u0432 \u043e\u0436\u0438\u0434\u0430\u043d\u0438\u0438)<\/em><\/p><\/li><li data-start=\"1693\" data-end=\"1746\"><p data-start=\"1695\" data-end=\"1746\">\u0414\u043b\u044f \u043f\u043e\u043b\u044c\u0441\u043a\u043e\u0433\u043e \u044f\u0437\u044b\u043a\u0430 \u044f \u043f\u0440\u0435\u0434\u043b\u0430\u0433\u0430\u044e \u0438\u0441\u043a\u043b\u044e\u0447\u0438\u0442\u0435\u043b\u044c\u043d\u043e \u0443\u0441\u043b\u0443\u0433\u0438 \u0443\u0441\u0442\u043d\u043e\u0433\u043e \u043f\u0435\u0440\u0435\u0432\u043e\u0434\u0430, \u0443\u0441\u043b\u0443\u0433\u0438 \u043f\u0438\u0441\u044c\u043c\u0435\u043d\u043d\u043e\u0433\u043e \u043f\u0435\u0440\u0435\u0432\u043e\u0434\u0430 \u043d\u0435 \u043f\u0440\u0435\u0434\u043e\u0441\u0442\u0430\u0432\u043b\u044f\u044e\u0442\u0441\u044f.<\/p><\/li><\/ul>\t\t\t\t\t\t\t\t<\/div>\n\t\t\t\t<div class=\"elementor-element elementor-element-72a7c71 elementor-widget elementor-widget-heading\" data-id=\"72a7c71\" data-element_type=\"widget\" data-widget_type=\"heading.default\">\n\t\t\t\t\t<h2 class=\"elementor-heading-title elementor-size-default\">\u0422\u0449\u0430\u0442\u0435\u043b\u044c\u043d\u0430\u044f \u043f\u0440\u043e\u0432\u0435\u0440\u043a\u0430 \u0438 \u043f\u0440\u0430\u0432\u043e\u0432\u0430\u044f \u043e\u043f\u0440\u0435\u0434\u0435\u043b\u0435\u043d\u043d\u043e\u0441\u0442\u044c:<\/h2>\t\t\t\t<\/div>\n\t\t\t\t<div class=\"elementor-element elementor-element-2c5706c elementor-widget elementor-widget-text-editor\" data-id=\"2c5706c\" data-element_type=\"widget\" data-widget_type=\"text-editor.default\">\n\t\t\t\t\t\t\t\t\t<p data-start=\"1867\" data-end=\"1983\">\u041f\u0440\u0430\u0432\u043e\u0432\u0430\u044f \u043e\u043f\u0440\u0435\u0434\u0435\u043b\u0435\u043d\u043d\u043e\u0441\u0442\u044c \u0438 \u0434\u043e\u0431\u0440\u043e\u0441\u043e\u0432\u0435\u0441\u0442\u043d\u043e\u0441\u0442\u044c \u0438\u043c\u0435\u044e\u0442 \u043f\u0435\u0440\u0432\u043e\u0441\u0442\u0435\u043f\u0435\u043d\u043d\u043e\u0435 \u0437\u043d\u0430\u0447\u0435\u043d\u0438\u0435 \u0432 \u043d\u043e\u0442\u0430\u0440\u0438\u0430\u043b\u044c\u043d\u043e\u0439 \u043f\u0440\u043e\u0444\u0435\u0441\u0441\u0438\u0438. \u041a\u0430\u043a \u043f\u0440\u0438\u0441\u044f\u0436\u043d\u044b\u0439 \u043f\u0435\u0440\u0435\u0432\u043e\u0434\u0447\u0438\u043a, \u044f \u0440\u0430\u0431\u043e\u0442\u0430\u044e \u0432 \u0441\u043e\u043e\u0442\u0432\u0435\u0442\u0441\u0442\u0432\u0438\u0438 \u0441\u043e \u0441\u043b\u0435\u0434\u0443\u044e\u0449\u0438\u043c\u0438 \u043f\u0440\u0438\u043d\u0446\u0438\u043f\u0430\u043c\u0438:<\/p><ul data-start=\"1984\" data-end=\"2121\"><li data-start=\"1984\" data-end=\"2030\"><p data-start=\"1986\" data-end=\"2030\">\u041f\u0440\u0430\u0432\u043e\u0432\u044b\u0435 \u043e\u0431\u044f\u0437\u0430\u0442\u0435\u043b\u044c\u0441\u0442\u0432\u0430 \u0438 \u043f\u0440\u043e\u0444\u0435\u0441\u0441\u0438\u043e\u043d\u0430\u043b\u044c\u043d\u044b\u0435 \u0441\u0442\u0430\u043d\u0434\u0430\u0440\u0442\u044b<\/p><\/li><li data-start=\"2031\" data-end=\"2065\"><p data-start=\"2033\" data-end=\"2065\">\u041f\u043e\u043b\u043d\u043e\u0435 \u0441\u043e\u0431\u043b\u044e\u0434\u0435\u043d\u0438\u0435 \u043a\u043e\u043d\u0444\u0438\u0434\u0435\u043d\u0446\u0438\u0430\u043b\u044c\u043d\u043e\u0441\u0442\u0438<\/p><\/li><li data-start=\"2066\" data-end=\"2121\"><p data-start=\"2068\" data-end=\"2121\">\u0421\u0442\u0440\u043e\u0433\u0438\u0439 \u043d\u0435\u0439\u0442\u0440\u0430\u043b\u0438\u0442\u0435\u0442 \u043f\u043e \u043e\u0442\u043d\u043e\u0448\u0435\u043d\u0438\u044e \u043a\u043e \u0432\u0441\u0435\u043c \u0441\u0442\u043e\u0440\u043e\u043d\u0430\u043c.<\/p><\/li><\/ul><p data-start=\"2123\" data-end=\"2186\">\u042d\u0442\u043e \u0441\u043f\u043e\u0441\u043e\u0431\u0441\u0442\u0432\u0443\u0435\u0442 \u043f\u0440\u0430\u0432\u0438\u043b\u044c\u043d\u043e\u043c\u0443 \u0438 \u043d\u0430\u0434\u0435\u0436\u043d\u043e\u043c\u0443 \u043d\u043e\u0442\u0430\u0440\u0438\u0430\u043b\u044c\u043d\u043e\u043c\u0443 \u043f\u0440\u043e\u0446\u0435\u0441\u0441\u0443.<\/p>\t\t\t\t\t\t\t\t<\/div>\n\t\t\t\t<div class=\"elementor-element elementor-element-d15fee5 elementor-widget elementor-widget-heading\" data-id=\"d15fee5\" data-element_type=\"widget\" data-widget_type=\"heading.default\">\n\t\t\t\t\t<h2 class=\"elementor-heading-title elementor-size-default\">\u041c\u0435\u0442\u043e\u0434:<\/h2>\t\t\t\t<\/div>\n\t\t\t\t<div class=\"elementor-element elementor-element-4c806fc elementor-widget elementor-widget-text-editor\" data-id=\"4c806fc\" data-element_type=\"widget\" data-widget_type=\"text-editor.default\">\n\t\t\t\t\t\t\t\t\t<p data-start=\"2207\" data-end=\"2275\">\u041f\u0435\u0440\u0435\u0434 \u043d\u0430\u0437\u043d\u0430\u0447\u0435\u043d\u0438\u0435\u043c \u043d\u043e\u0442\u0430\u0440\u0438\u0430\u043b\u044c\u043d\u043e\u0433\u043e \u0432\u0438\u0437\u0438\u0442\u0430 \u043f\u0440\u043e\u0438\u0441\u0445\u043e\u0434\u0438\u0442 \u0441\u043e\u0433\u043b\u0430\u0441\u043e\u0432\u0430\u043d\u0438\u0435 \u0441\u043b\u0435\u0434\u0443\u044e\u0449\u0438\u0445 \u0432\u043e\u043f\u0440\u043e\u0441\u043e\u0432:<\/p><ul data-start=\"2276\" data-end=\"2390\"><li data-start=\"2276\" data-end=\"2307\"><p data-start=\"2278\" data-end=\"2307\">\u0422\u0438\u043f \u0434\u0435\u0439\u0441\u0442\u0432\u0438\u044f \u0438\u043b\u0438 \u0437\u0430\u044f\u0432\u043b\u0435\u043d\u0438\u044f<\/p><\/li><li data-start=\"2308\" data-end=\"2330\"><p data-start=\"2310\" data-end=\"2330\">\u0418\u0441\u043f\u043e\u043b\u044c\u0437\u0443\u0435\u043c\u044b\u0435 \u044f\u0437\u044b\u043a\u0438<\/p><\/li><li data-start=\"2331\" data-end=\"2390\"><p data-start=\"2333\" data-end=\"2390\">\u0416\u0435\u043b\u0430\u0435\u043c\u0430\u044f \u0444\u043e\u0440\u043c\u0430 \u043f\u043e\u0434\u0434\u0435\u0440\u0436\u043a\u0438 (\u043f\u0435\u0440\u0435\u0432\u043e\u0434 \u0438\u043b\u0438 \u0443\u0441\u0442\u043d\u044b\u0439 \u043f\u0435\u0440\u0435\u0432\u043e\u0434)<\/p><\/li><\/ul><p data-start=\"2392\" data-end=\"2504\">\u041f\u043e \u0432\u043e\u0437\u043c\u043e\u0436\u043d\u043e\u0441\u0442\u0438 \u044f \u0442\u0449\u0430\u0442\u0435\u043b\u044c\u043d\u043e \u0433\u043e\u0442\u043e\u0432\u043b\u044e\u0441\u044c, \u0447\u0442\u043e\u0431\u044b \u043d\u043e\u0442\u0430\u0440\u0438\u0430\u043b\u044c\u043d\u043e\u0435 \u0434\u0435\u0439\u0441\u0442\u0432\u0438\u0435 \u043f\u0440\u043e\u0448\u043b\u043e \u044d\u0444\u0444\u0435\u043a\u0442\u0438\u0432\u043d\u043e \u0438 \u0430\u043a\u043a\u0443\u0440\u0430\u0442\u043d\u043e.<\/p>\t\t\t\t\t\t\t\t<\/div>\n\t\t\t\t<div class=\"elementor-element elementor-element-7f61258 elementor-widget elementor-widget-heading\" data-id=\"7f61258\" data-element_type=\"widget\" data-widget_type=\"heading.default\">\n\t\t\t\t\t<h2 class=\"elementor-heading-title elementor-size-default\">\u041f\u043e\u0434\u0445\u043e\u0434\u0438\u0442, \u0432 \u0447\u0430\u0441\u0442\u043d\u043e\u0441\u0442\u0438, \u0434\u043b\u044f:<\/h2>\t\t\t\t<\/div>\n\t\t\t\t<div class=\"elementor-element elementor-element-5c01539 elementor-widget elementor-widget-text-editor\" data-id=\"5c01539\" data-element_type=\"widget\" data-widget_type=\"text-editor.default\">\n\t\t\t\t\t\t\t\t\t<p data-start=\"2534\" data-end=\"2592\">\u041c\u043e\u0438 \u0443\u0441\u043b\u0443\u0433\u0438 \u0432 \u043e\u0431\u043b\u0430\u0441\u0442\u0438 \u043d\u043e\u0442\u0430\u0440\u0438\u0430\u043b\u044c\u043d\u043e\u0433\u043e \u043f\u0440\u0430\u0432\u0430 \u0438 \u043e\u0444\u043e\u0440\u043c\u043b\u0435\u043d\u0438\u044f \u0434\u043e\u043a\u0443\u043c\u0435\u043d\u0442\u043e\u0432 \u043f\u043e\u0434\u0445\u043e\u0434\u044f\u0442 \u0434\u043b\u044f:<\/p><ul data-start=\"2593\" data-end=\"2715\"><li data-start=\"2593\" data-end=\"2612\"><p data-start=\"2595\" data-end=\"2612\">\u041d\u043e\u0442\u0430\u0440\u0438\u0430\u043b\u044c\u043d\u044b\u0435 \u043a\u043e\u043d\u0442\u043e\u0440\u044b<\/p><\/li><li data-start=\"2613\" data-end=\"2630\"><p data-start=\"2615\" data-end=\"2630\">\u0427\u0430\u0441\u0442\u043d\u044b\u0435 \u043b\u0438\u0446\u0430<\/p><\/li><li data-start=\"2631\" data-end=\"2664\"><p data-start=\"2633\" data-end=\"2664\">\u041f\u0440\u0435\u0434\u043f\u0440\u0438\u043d\u0438\u043c\u0430\u0442\u0435\u043b\u0438 \u0438 \u044e\u0440\u0438\u0434\u0438\u0447\u0435\u0441\u043a\u0438\u0435 \u043b\u0438\u0446\u0430<\/p><\/li><li data-start=\"2665\" data-end=\"2715\"><p data-start=\"2667\" data-end=\"2715\">\u041f\u0440\u043e\u0446\u0435\u0441\u0441\u044b \u0432 \u0441\u0444\u0435\u0440\u0435 \u043d\u0435\u0434\u0432\u0438\u0436\u0438\u043c\u043e\u0441\u0442\u0438 \u0438 \u043a\u043e\u0440\u043f\u043e\u0440\u0430\u0442\u0438\u0432\u043d\u043e\u0433\u043e \u043f\u0440\u0430\u0432\u0430<\/p><\/li><\/ul>\t\t\t\t\t\t\t\t<\/div>\n\t\t\t\t\t<\/div>\n\t\t<\/div>\n\t\t\t\t<div class=\"elementor-column elementor-col-50 elementor-top-column elementor-element elementor-element-60489ad2\" data-id=\"60489ad2\" data-element_type=\"column\">\n\t\t\t<div class=\"elementor-widget-wrap elementor-element-populated\">\n\t\t\t\t\t\t<div class=\"elementor-element elementor-element-33871822 elementor-cta--skin-cover elementor-cta--valign-bottom elementor-bg-transform elementor-bg-transform-zoom-in elementor-invisible elementor-widget elementor-widget-call-to-action\" data-id=\"33871822\" data-element_type=\"widget\" data-settings=\"{&quot;_animation&quot;:&quot;fadeInUp&quot;}\" data-widget_type=\"call-to-action.default\">\n\t\t\t\t\t\t\t<div class=\"elementor-cta\">\n\t\t\t\t\t<div class=\"elementor-cta__bg-wrapper\">\n\t\t\t\t<div class=\"elementor-cta__bg elementor-bg\" style=\"background-image: url(https:\/\/ztranslate.klantvoorbeeld.nl\/wp-content\/uploads\/2025\/12\/note-book-with-fabric-bookmark-2024-11-27-09-37-06-utc-scaled.jpg);\" role=\"img\" aria-label=\"\u0411\u043b\u043e\u043a\u043d\u043e\u0442 \u0432 \u0447\u0451\u0440\u043d\u043e\u0439 \u043e\u0431\u043b\u043e\u0436\u043a\u0435 \u0441 \u0442\u043a\u0430\u043d\u0435\u0432\u043e\u0439 \u0437\u0430\u043a\u043b\u0430\u0434\u043a\u043e\u0439.\"><\/div>\n\t\t\t\t<div class=\"elementor-cta__bg-overlay\"><\/div>\n\t\t\t<\/div>\n\t\t\t\t\t\t\t<div class=\"elementor-cta__content\">\n\t\t\t\t\n\t\t\t\t\t\t\t\t\t<h2 class=\"elementor-cta__title elementor-cta__content-item elementor-content-item\">\n\t\t\t\t\t\t\u041a\u043e\u043d\u0442\u0430\u043a\u0442\u044b \u0438 \u043d\u0430\u043b\u0438\u0447\u0438\u0435 \u0441\u0432\u043e\u0431\u043e\u0434\u043d\u044b\u0445 \u043c\u0435\u0441\u0442\t\t\t\t\t<\/h2>\n\t\t\t\t\n\t\t\t\t\t\t\t\t\t<div class=\"elementor-cta__description elementor-cta__content-item elementor-content-item\">\n\t\t\t\t\t\t\u0425\u043e\u0442\u0438\u0442\u0435 \u0432\u043e\u0441\u043f\u043e\u043b\u044c\u0437\u043e\u0432\u0430\u0442\u044c\u0441\u044f \u0443\u0441\u043b\u0443\u0433\u0430\u043c\u0438 \u043f\u0440\u0438\u0441\u044f\u0436\u043d\u043e\u0433\u043e \u043f\u0435\u0440\u0435\u0432\u043e\u0434\u0447\u0438\u043a\u0430 \u0434\u043b\u044f \u0437\u0430\u0432\u0435\u0440\u0435\u043d\u0438\u044f \u043d\u043e\u0442\u0430\u0440\u0438\u0430\u043b\u044c\u043d\u043e\u0433\u043e \u0430\u043a\u0442\u0430? \u0421\u0432\u044f\u0436\u0438\u0442\u0435\u0441\u044c \u0441 \u043d\u0430\u043c\u0438, \u0447\u0442\u043e\u0431\u044b \u043e\u0431\u0441\u0443\u0434\u0438\u0442\u044c \u043d\u0430\u043b\u0438\u0447\u0438\u0435 \u0441\u0432\u043e\u0431\u043e\u0434\u043d\u044b\u0445 \u043c\u0435\u0441\u0442 \u0438 \u0443\u0441\u043b\u043e\u0432\u0438\u044f.\t\t\t\t\t<\/div>\n\t\t\t\t\n\t\t\t\t\t\t\t\t\t<div class=\"elementor-cta__button-wrapper elementor-cta__content-item elementor-content-item\">\n\t\t\t\t\t<a class=\"elementor-cta__button elementor-button elementor-size-xs\" href=\"https:\/\/ztranslate.klantvoorbeeld.nl\/ru\/%d0%ba%d0%be%d0%bd%d1%82%d0%b0%d0%ba%d1%82\/\">\n\t\t\t\t\t\t\u0421\u0432\u044f\u0437\u0430\u0442\u044c\u0441\u044f \u0441 \u043d\u0430\u043c\u0438\t\t\t\t\t<\/a>\n\t\t\t\t\t<\/div>\n\t\t\t\t\t\t\t<\/div>\n\t\t\t\t\t\t<\/div>\n\t\t\t\t\t\t<\/div>\n\t\t\t\t\t<\/div>\n\t\t<\/div>\n\t\t\t\t\t<\/div>\n\t\t<\/section>\n\t\t\t\t<\/div>","protected":false},"excerpt":{"rendered":"<p>Notariaat &amp; Akten Be\u00ebdigde taalondersteuning bij notari\u00eble akten en offici\u00eble verklaringen Bij notari\u00eble handelingen is het van groot belang dat alle betrokken partijen de inhoud van akten en verklaringen volledig begrijpen. Als be\u00ebdigd tolk en vertaler bied ik professionele ondersteuning bij notari\u00eble procedures waarbij \u00e9\u00e9n of meerdere partijen de Nederlandse taal onvoldoende beheersen. Mijn diensten [&hellip;]<\/p>\n","protected":false},"author":1,"featured_media":0,"parent":0,"menu_order":0,"comment_status":"closed","ping_status":"closed","template":"elementor_header_footer","meta":{"footnotes":""},"class_list":["post-419","page","type-page","status-publish","hentry"],"_links":{"self":[{"href":"https:\/\/ztranslate.klantvoorbeeld.nl\/ru\/wp-json\/wp\/v2\/pages\/419","targetHints":{"allow":["GET"]}}],"collection":[{"href":"https:\/\/ztranslate.klantvoorbeeld.nl\/ru\/wp-json\/wp\/v2\/pages"}],"about":[{"href":"https:\/\/ztranslate.klantvoorbeeld.nl\/ru\/wp-json\/wp\/v2\/types\/page"}],"author":[{"embeddable":true,"href":"https:\/\/ztranslate.klantvoorbeeld.nl\/ru\/wp-json\/wp\/v2\/users\/1"}],"replies":[{"embeddable":true,"href":"https:\/\/ztranslate.klantvoorbeeld.nl\/ru\/wp-json\/wp\/v2\/comments?post=419"}],"version-history":[{"count":6,"href":"https:\/\/ztranslate.klantvoorbeeld.nl\/ru\/wp-json\/wp\/v2\/pages\/419\/revisions"}],"predecessor-version":[{"id":431,"href":"https:\/\/ztranslate.klantvoorbeeld.nl\/ru\/wp-json\/wp\/v2\/pages\/419\/revisions\/431"}],"wp:attachment":[{"href":"https:\/\/ztranslate.klantvoorbeeld.nl\/ru\/wp-json\/wp\/v2\/media?parent=419"}],"curies":[{"name":"WP","href":"https:\/\/api.w.org\/{rel}","templated":true}]}}