{"id":407,"date":"2025-12-27T19:28:32","date_gmt":"2025-12-27T19:28:32","guid":{"rendered":"https:\/\/ztranslate.klantvoorbeeld.nl\/?page_id=407"},"modified":"2025-12-27T19:43:11","modified_gmt":"2025-12-27T19:43:11","slug":"%d1%81%d1%83%d0%b4%d1%8c%d1%8f-%d1%81%d1%83%d0%b4%d0%b0","status":"publish","type":"page","link":"https:\/\/ztranslate.klantvoorbeeld.nl\/ru\/%d1%81%d1%83%d0%b4%d1%8c%d1%8f-%d1%81%d1%83%d0%b4%d0%b0\/","title":{"rendered":"\u0421\u0443\u0434 \u0438 \u043f\u0440\u0430\u0432\u043e\u0441\u0443\u0434\u0438\u0435"},"content":{"rendered":"<div data-elementor-type=\"wp-page\" data-elementor-id=\"407\" class=\"elementor elementor-407\" data-elementor-post-type=\"page\">\n\t\t\t\t\t\t<section class=\"elementor-section elementor-top-section elementor-element elementor-element-7d118a6d elementor-section-content-middle elementor-section-boxed elementor-section-height-default elementor-section-height-default\" data-id=\"7d118a6d\" data-element_type=\"section\" data-settings=\"{&quot;background_background&quot;:&quot;classic&quot;}\">\n\t\t\t\t\t\t\t<div class=\"elementor-background-overlay\"><\/div>\n\t\t\t\t\t\t\t<div class=\"elementor-container elementor-column-gap-default\">\n\t\t\t\t\t<div class=\"elementor-column elementor-col-100 elementor-top-column elementor-element elementor-element-4c3b085d\" data-id=\"4c3b085d\" data-element_type=\"column\">\n\t\t\t<div class=\"elementor-widget-wrap elementor-element-populated\">\n\t\t\t\t\t\t<section class=\"elementor-section elementor-inner-section elementor-element elementor-element-45d29e1 elementor-section-boxed elementor-section-height-default elementor-section-height-default\" data-id=\"45d29e1\" data-element_type=\"section\">\n\t\t\t\t\t\t<div class=\"elementor-container elementor-column-gap-default\">\n\t\t\t\t\t<div class=\"elementor-column elementor-col-100 elementor-inner-column elementor-element elementor-element-10fd2c9c\" data-id=\"10fd2c9c\" data-element_type=\"column\">\n\t\t\t<div class=\"elementor-widget-wrap elementor-element-populated\">\n\t\t\t\t\t\t<div class=\"elementor-element elementor-element-4db9b9e3 elementor-invisible elementor-widget elementor-widget-heading\" data-id=\"4db9b9e3\" data-element_type=\"widget\" data-settings=\"{&quot;_animation&quot;:&quot;fadeInRight&quot;}\" data-widget_type=\"heading.default\">\n\t\t\t\t\t<h2 class=\"elementor-heading-title elementor-size-default\">\u0421\u0443\u0434 \u0438 \u043f\u0440\u0430\u0432\u043e\u0441\u0443\u0434\u0438\u0435<\/h2>\t\t\t\t<\/div>\n\t\t\t\t<div class=\"elementor-element elementor-element-71219151 elementor-invisible elementor-widget elementor-widget-heading\" data-id=\"71219151\" data-element_type=\"widget\" data-settings=\"{&quot;_animation&quot;:&quot;fadeInRight&quot;,&quot;_animation_delay&quot;:240}\" data-widget_type=\"heading.default\">\n\t\t\t\t\t<h2 class=\"elementor-heading-title elementor-size-default\">\u042f\u0437\u044b\u043a\u043e\u0432\u0430\u044f \u043f\u043e\u0434\u0434\u0435\u0440\u0436\u043a\u0430 \u043f\u043e\u0434 \u043f\u0440\u0438\u0441\u044f\u0433\u043e\u0439 \u0432 \u0440\u0430\u043c\u043a\u0430\u0445 \u044e\u0440\u0438\u0434\u0438\u0447\u0435\u0441\u043a\u0438\u0445 \u0438 \u0441\u0443\u0434\u0435\u0431\u043d\u044b\u0445 \u0440\u0430\u0437\u0431\u0438\u0440\u0430\u0442\u0435\u043b\u044c\u0441\u0442\u0432<\/h2>\t\t\t\t<\/div>\n\t\t\t\t<div class=\"elementor-element elementor-element-4f231226 elementor-invisible elementor-widget elementor-widget-text-editor\" data-id=\"4f231226\" data-element_type=\"widget\" data-settings=\"{&quot;_animation&quot;:&quot;fadeInRight&quot;,&quot;_animation_delay&quot;:480}\" data-widget_type=\"text-editor.default\">\n\t\t\t\t\t\t\t\t\t<p data-start=\"473\" data-end=\"745\">\u0412 \u0441\u0443\u0434\u0435\u0431\u043d\u043e\u0439 \u0441\u0438\u0441\u0442\u0435\u043c\u0435 \u0438 \u0441\u0443\u0434\u0435\u0431\u043d\u043e\u0439 \u0446\u0435\u043f\u043e\u0447\u043a\u0435 \u0442\u043e\u0447\u043d\u0430\u044f \u0438 \u043d\u0435\u0437\u0430\u0432\u0438\u0441\u0438\u043c\u0430\u044f \u043a\u043e\u043c\u043c\u0443\u043d\u0438\u043a\u0430\u0446\u0438\u044f \u0438\u043c\u0435\u0435\u0442 \u043f\u0435\u0440\u0432\u043e\u0441\u0442\u0435\u043f\u0435\u043d\u043d\u043e\u0435 \u0437\u043d\u0430\u0447\u0435\u043d\u0438\u0435. \u041a\u0430\u043a \u043f\u0440\u0438\u0441\u044f\u0436\u043d\u044b\u0439 \u043f\u0435\u0440\u0435\u0432\u043e\u0434\u0447\u0438\u043a, \u044f \u043e\u043a\u0430\u0437\u044b\u0432\u0430\u044e \u043f\u043e\u0434\u0434\u0435\u0440\u0436\u043a\u0443 \u0441\u0443\u0434\u0430\u043c, \u0430\u0434\u0432\u043e\u043a\u0430\u0442\u0430\u043c, \u0433\u043e\u0441\u0443\u0434\u0430\u0440\u0441\u0442\u0432\u0435\u043d\u043d\u044b\u043c \u0443\u0447\u0440\u0435\u0436\u0434\u0435\u043d\u0438\u044f\u043c \u0438 \u0441\u0442\u043e\u0440\u043e\u043d\u0430\u043c, \u0443\u0447\u0430\u0441\u0442\u0432\u0443\u044e\u0449\u0438\u043c \u0432 \u0441\u0443\u0434\u0435\u0431\u043d\u044b\u0445 \u0440\u0430\u0437\u0431\u0438\u0440\u0430\u0442\u0435\u043b\u044c\u0441\u0442\u0432\u0430\u0445, \u0433\u0434\u0435 \u044f\u0437\u044b\u043a\u043e\u0432\u043e\u0439 \u0431\u0430\u0440\u044c\u0435\u0440 \u043d\u0435 \u0434\u043e\u043b\u0436\u0435\u043d \u0431\u044b\u0442\u044c \u043f\u0440\u0435\u043f\u044f\u0442\u0441\u0442\u0432\u0438\u0435\u043c.<\/p><p data-start=\"747\" data-end=\"917\">\u042f \u043e\u043a\u0430\u0437\u044b\u0432\u0430\u044e \u0443\u0441\u043b\u0443\u0433\u0438 \u0443\u0441\u0442\u043d\u043e\u0433\u043e \u0438 \u043f\u0438\u0441\u044c\u043c\u0435\u043d\u043d\u043e\u0433\u043e \u043f\u0435\u0440\u0435\u0432\u043e\u0434\u0430 \u0432 \u0441\u0443\u0434\u0435\u0431\u043d\u043e\u043c \u043a\u043e\u043d\u0442\u0435\u043a\u0441\u0442\u0435, \u0441\u0442\u0440\u043e\u0433\u043e \u0441\u043e\u0431\u043b\u044e\u0434\u0430\u044f \u043f\u0440\u0438\u043c\u0435\u043d\u0438\u043c\u044b\u0435 \u043f\u0440\u043e\u0444\u0435\u0441\u0441\u0438\u043e\u043d\u0430\u043b\u044c\u043d\u044b\u0435 \u0438 \u043f\u0440\u0430\u0432\u043e\u0432\u044b\u0435 \u043d\u043e\u0440\u043c\u044b.<\/p>\t\t\t\t\t\t\t\t<\/div>\n\t\t\t\t\t<\/div>\n\t\t<\/div>\n\t\t\t\t\t<\/div>\n\t\t<\/section>\n\t\t\t\t\t<\/div>\n\t\t<\/div>\n\t\t\t\t\t<\/div>\n\t\t<\/section>\n\t\t\t\t<section class=\"elementor-section elementor-top-section elementor-element elementor-element-5c1de1ac elementor-section-boxed elementor-section-height-default elementor-section-height-default\" data-id=\"5c1de1ac\" data-element_type=\"section\">\n\t\t\t\t\t\t<div class=\"elementor-container elementor-column-gap-default\">\n\t\t\t\t\t<div class=\"elementor-column elementor-col-50 elementor-top-column elementor-element elementor-element-663bc842\" data-id=\"663bc842\" data-element_type=\"column\">\n\t\t\t<div class=\"elementor-widget-wrap elementor-element-populated\">\n\t\t\t\t\t\t<div class=\"elementor-element elementor-element-43d1710f elementor-widget elementor-widget-heading\" data-id=\"43d1710f\" data-element_type=\"widget\" data-widget_type=\"heading.default\">\n\t\t\t\t\t<h2 class=\"elementor-heading-title elementor-size-default\">\u041f\u0440\u0438\u0441\u044f\u0436\u043d\u044b\u0439 \u043f\u0435\u0440\u0435\u0432\u043e\u0434\u0447\u0438\u043a \u0432 \u0441\u0443\u0434\u0435 \u0438 \u0441\u0438\u0441\u0442\u0435\u043c\u0435 \u043f\u0440\u0430\u0432\u043e\u0441\u0443\u0434\u0438\u044f<\/h2>\t\t\t\t<\/div>\n\t\t\t\t<div class=\"elementor-element elementor-element-72f39750 elementor-widget elementor-widget-text-editor\" data-id=\"72f39750\" data-element_type=\"widget\" data-widget_type=\"text-editor.default\">\n\t\t\t\t\t\t\t\t\t<p data-start=\"967\" data-end=\"1017\">\u0412 \u043a\u0430\u0447\u0435\u0441\u0442\u0432\u0435 \u043f\u0440\u0438\u0441\u044f\u0436\u043d\u043e\u0433\u043e \u043f\u0435\u0440\u0435\u0432\u043e\u0434\u0447\u0438\u043a\u0430 \u044f, \u043f\u043e\u043c\u0438\u043c\u043e \u043f\u0440\u043e\u0447\u0435\u0433\u043e, \u0437\u0430\u0434\u0435\u0439\u0441\u0442\u0432\u043e\u0432\u0430\u043d \u0432 \u0441\u043b\u0435\u0434\u0443\u044e\u0449\u0438\u0445 \u043f\u0440\u043e\u0435\u043a\u0442\u0430\u0445:<\/p><ul data-start=\"1018\" data-end=\"1135\"><li data-start=\"1018\" data-end=\"1048\"><p data-start=\"1020\" data-end=\"1048\">\u0417\u0430\u0441\u0435\u0434\u0430\u043d\u0438\u044f \u0438 \u0441\u043b\u0443\u0448\u0430\u043d\u0438\u044f<\/p><\/li><li data-start=\"1049\" data-end=\"1068\"><p data-start=\"1051\" data-end=\"1068\">\u0414\u043e\u043f\u0440\u043e\u0441\u044b \u0432 \u043f\u043e\u043b\u0438\u0446\u0438\u0438<\/p><\/li><li data-start=\"1069\" data-end=\"1109\"><p data-start=\"1071\" data-end=\"1109\">\u0411\u0435\u0441\u0435\u0434\u044b \u0441 \u0441\u0443\u0434\u0435\u0431\u043d\u044b\u043c\u0438 \u043e\u0440\u0433\u0430\u043d\u0430\u043c\u0438<\/p><\/li><li data-start=\"1110\" data-end=\"1135\"><p data-start=\"1112\" data-end=\"1135\">\u042e\u0440\u0438\u0434\u0438\u0447\u0435\u0441\u043a\u0438\u0435 \u043a\u043e\u043d\u0441\u0443\u043b\u044c\u0442\u0430\u0446\u0438\u0438<\/p><\/li><\/ul><p data-start=\"1137\" data-end=\"1277\">\u042f \u0433\u0430\u0440\u0430\u043d\u0442\u0438\u0440\u0443\u044e \u043f\u043e\u043b\u043d\u0443\u044e, \u043d\u0435\u0439\u0442\u0440\u0430\u043b\u044c\u043d\u0443\u044e \u0438 \u0442\u043e\u0447\u043d\u0443\u044e \u043f\u0435\u0440\u0435\u0434\u0430\u0447\u0443 \u0441\u043a\u0430\u0437\u0430\u043d\u043d\u043e\u0433\u043e, \u0431\u0435\u0437 \u043a\u0430\u043a\u0438\u0445-\u043b\u0438\u0431\u043e \u0438\u043d\u0442\u0435\u0440\u043f\u0440\u0435\u0442\u0430\u0446\u0438\u0439 \u0438\u043b\u0438 \u0432\u043b\u0438\u044f\u043d\u0438\u044f \u043d\u0430 \u0441\u043e\u0434\u0435\u0440\u0436\u0430\u043d\u0438\u0435.<\/p><p data-start=\"1279\" data-end=\"1305\"><strong>\u0414\u043e\u0441\u0442\u0443\u043f\u043d\u044b\u0435 \u044f\u0437\u044b\u043a\u0438 \u0438\u043d\u0442\u0435\u0440\u043f\u0440\u0435\u0442\u0430\u0442\u043e\u0440\u0430:<\/strong><\/p><ul data-start=\"1306\" data-end=\"1432\"><li data-start=\"1306\" data-end=\"1339\"><p data-start=\"1308\" data-end=\"1339\">\u0427\u0435\u0448\u0441\u043a\u0438\u0439 \u2013 \u043f\u0440\u0438\u0441\u044f\u0436\u043d\u044b\u0439 \u043f\u0435\u0440\u0435\u0432\u043e\u0434\u0447\u0438\u043a<\/p><\/li><li data-start=\"1340\" data-end=\"1371\"><p data-start=\"1342\" data-end=\"1371\">\u0420\u0443\u0441\u0441\u043a\u0438\u0439 \u2013 \u043f\u0440\u0438\u0441\u044f\u0436\u043d\u044b\u0439 \u043f\u0435\u0440\u0435\u0432\u043e\u0434\u0447\u0438\u043a<\/p><\/li><li data-start=\"1372\" data-end=\"1403\"><p data-start=\"1374\" data-end=\"1403\">\u0421\u043b\u043e\u0432\u0430\u0446\u043a\u0438\u0439 \u2013 \u043f\u0440\u0438\u0441\u044f\u0436\u043d\u044b\u0439 \u043f\u0435\u0440\u0435\u0432\u043e\u0434\u0447\u0438\u043a<\/p><\/li><li data-start=\"1404\" data-end=\"1432\"><p data-start=\"1406\" data-end=\"1432\">\u041f\u043e\u043b\u044c\u0441\u043a\u0438\u0439 \u2013 \u043f\u0440\u0438\u0441\u044f\u0436\u043d\u044b\u0439 \u043f\u0435\u0440\u0435\u0432\u043e\u0434\u0447\u0438\u043a<\/p><\/li><\/ul>\t\t\t\t\t\t\t\t<\/div>\n\t\t\t\t<div class=\"elementor-element elementor-element-7f5c313 elementor-widget elementor-widget-heading\" data-id=\"7f5c313\" data-element_type=\"widget\" data-widget_type=\"heading.default\">\n\t\t\t\t\t<h2 class=\"elementor-heading-title elementor-size-default\">\u0417\u0430\u0432\u0435\u0440\u0435\u043d\u043d\u044b\u0435 \u043f\u0435\u0440\u0435\u0432\u043e\u0434\u044b \u0434\u043b\u044f \u0441\u0443\u0434\u0435\u0431\u043d\u044b\u0445 \u0446\u0435\u043b\u0435\u0439:<\/h2>\t\t\t\t<\/div>\n\t\t\t\t<div class=\"elementor-element elementor-element-256eeae elementor-widget elementor-widget-text-editor\" data-id=\"256eeae\" data-element_type=\"widget\" data-widget_type=\"text-editor.default\">\n\t\t\t\t\t\t\t\t\t<p>\u041f\u043e\u043c\u0438\u043c\u043e \u0443\u0441\u0442\u043d\u043e\u0433\u043e \u043f\u0435\u0440\u0435\u0432\u043e\u0434\u0430, \u044f \u0442\u0430\u043a\u0436\u0435 \u043f\u0440\u0435\u0434\u043e\u0441\u0442\u0430\u0432\u043b\u044f\u044e \u0437\u0430\u0432\u0435\u0440\u0435\u043d\u043d\u044b\u0435 \u043f\u0435\u0440\u0435\u0432\u043e\u0434\u044b \u0434\u043b\u044f \u0438\u0441\u043f\u043e\u043b\u044c\u0437\u043e\u0432\u0430\u043d\u0438\u044f \u0432 \u044e\u0440\u0438\u0434\u0438\u0447\u0435\u0441\u043a\u0438\u0445 \u0438 \u0441\u0443\u0434\u0435\u0431\u043d\u044b\u0445 \u0440\u0430\u0437\u0431\u0438\u0440\u0430\u0442\u0435\u043b\u044c\u0441\u0442\u0432\u0430\u0445. \u042d\u0442\u0438 \u043f\u0435\u0440\u0435\u0432\u043e\u0434\u044b \u0441\u043e\u043f\u0440\u043e\u0432\u043e\u0436\u0434\u0430\u044e\u0442\u0441\u044f \u0437\u0430\u044f\u0432\u043b\u0435\u043d\u0438\u0435\u043c, \u043f\u043e\u0434\u043f\u0438\u0441\u044c\u044e \u0438 \u043f\u0435\u0447\u0430\u0442\u044c\u044e \u0438 \u043e\u0444\u0438\u0446\u0438\u0430\u043b\u044c\u043d\u043e \u043f\u0440\u0438\u0437\u043d\u0430\u044e\u0442\u0441\u044f \u043d\u0438\u0434\u0435\u0440\u043b\u0430\u043d\u0434\u0441\u043a\u0438\u043c\u0438 \u0432\u043b\u0430\u0441\u0442\u044f\u043c\u0438.<\/p><p data-start=\"1735\" data-end=\"1761\"><strong>\u042f\u0437\u044b\u043a\u0438 \u043f\u0440\u0438\u0441\u044f\u0436\u043d\u043e\u0433\u043e \u043f\u0435\u0440\u0435\u0432\u043e\u0434\u0430:<\/strong><\/p><ul data-start=\"1762\" data-end=\"1851\"><li data-start=\"1762\" data-end=\"1780\"><p data-start=\"1764\" data-end=\"1780\">\u0447\u0435\u0448\u0441\u043a\u0438\u0439<\/p><\/li><li data-start=\"1781\" data-end=\"1797\"><p data-start=\"1783\" data-end=\"1797\">\u0420\u0443\u0441\u0441\u043a\u0438\u0439<\/p><\/li><li data-start=\"1798\" data-end=\"1851\"><p data-start=\"1800\" data-end=\"1851\">\u0441\u043b\u043e\u0432\u0430\u0446\u043a\u0438\u0439 <em data-start=\"1813\" data-end=\"1849\">(\u0432 \u043e\u0436\u0438\u0434\u0430\u043d\u0438\u0438)<\/em><\/p><\/li><li data-start=\"1798\" data-end=\"1851\"><p data-start=\"1800\" data-end=\"1851\">\u042f \u043d\u0435 \u043e\u043a\u0430\u0437\u044b\u0432\u0430\u044e \u0443\u0441\u043b\u0443\u0433\u0438 \u043f\u0435\u0440\u0435\u0432\u043e\u0434\u0430 \u0441 \u043f\u043e\u043b\u044c\u0441\u043a\u043e\u0433\u043e \u044f\u0437\u044b\u043a\u0430, \u0442\u043e\u043b\u044c\u043a\u043e \u0443\u0441\u0442\u043d\u044b\u0439 \u043f\u0435\u0440\u0435\u0432\u043e\u0434.<\/p><\/li><\/ul>\t\t\t\t\t\t\t\t<\/div>\n\t\t\t\t<div class=\"elementor-element elementor-element-72a7c71 elementor-widget elementor-widget-heading\" data-id=\"72a7c71\" data-element_type=\"widget\" data-widget_type=\"heading.default\">\n\t\t\t\t\t<h2 class=\"elementor-heading-title elementor-size-default\">\u0421\u0442\u0440\u043e\u0433\u0430\u044f \u043a\u043e\u043d\u0444\u0438\u0434\u0435\u043d\u0446\u0438\u0430\u043b\u044c\u043d\u043e\u0441\u0442\u044c \u0438 \u043d\u0435\u0439\u0442\u0440\u0430\u043b\u044c\u043d\u043e\u0441\u0442\u044c:<\/h2>\t\t\t\t<\/div>\n\t\t\t\t<div class=\"elementor-element elementor-element-2c5706c elementor-widget elementor-widget-text-editor\" data-id=\"2c5706c\" data-element_type=\"widget\" data-widget_type=\"text-editor.default\">\n\t\t\t\t\t\t\t\t\t<p data-start=\"1972\" data-end=\"2101\">\u0412 \u0441\u0438\u0441\u0442\u0435\u043c\u0435 \u043f\u0440\u0430\u0432\u043e\u0441\u0443\u0434\u0438\u044f \u0434\u0435\u0439\u0441\u0442\u0432\u0443\u044e\u0442 \u0432\u044b\u0441\u043e\u043a\u0438\u0435 \u0441\u0442\u0430\u043d\u0434\u0430\u0440\u0442\u044b \u0432 \u043e\u0442\u043d\u043e\u0448\u0435\u043d\u0438\u0438 \u0447\u0435\u0441\u0442\u043d\u043e\u0441\u0442\u0438 \u0438 \u043a\u043e\u043d\u0444\u0438\u0434\u0435\u043d\u0446\u0438\u0430\u043b\u044c\u043d\u043e\u0441\u0442\u0438. \u041a\u0430\u043a \u043f\u0440\u0438\u0441\u044f\u0436\u043d\u044b\u0439 \u043f\u0435\u0440\u0435\u0432\u043e\u0434\u0447\u0438\u043a, \u044f \u0440\u0430\u0431\u043e\u0442\u0430\u044e \u0432 \u0441\u043e\u043e\u0442\u0432\u0435\u0442\u0441\u0442\u0432\u0438\u0438 \u0441\u043e \u0441\u043b\u0435\u0434\u0443\u044e\u0449\u0438\u043c\u0438 \u043f\u0440\u0438\u043d\u0446\u0438\u043f\u0430\u043c\u0438:<\/p><ul data-start=\"2102\" data-end=\"2237\"><li data-start=\"2102\" data-end=\"2137\"><p data-start=\"2104\" data-end=\"2137\">\u041f\u0440\u0438\u043c\u0435\u043d\u0438\u043c\u044b\u0435 \u0437\u0430\u043a\u043e\u043d\u044b \u0438 \u043f\u0440\u0430\u0432\u0438\u043b\u0430<\/p><\/li><li data-start=\"2138\" data-end=\"2179\"><p data-start=\"2140\" data-end=\"2179\">\u041f\u0440\u043e\u0444\u0435\u0441\u0441\u0438\u043e\u043d\u0430\u043b\u044c\u043d\u0430\u044f \u044d\u0442\u0438\u043a\u0430 \u0438 \u043e\u0431\u044f\u0437\u0430\u043d\u043d\u043e\u0441\u0442\u044c \u0441\u043e\u0431\u043b\u044e\u0434\u0435\u043d\u0438\u044f \u043a\u043e\u043d\u0444\u0438\u0434\u0435\u043d\u0446\u0438\u0430\u043b\u044c\u043d\u043e\u0441\u0442\u0438<\/p><\/li><li data-start=\"2180\" data-end=\"2237\"><p data-start=\"2182\" data-end=\"2237\">\u041f\u043e\u043b\u043d\u044b\u0439 \u043d\u0435\u0439\u0442\u0440\u0430\u043b\u0438\u0442\u0435\u0442 \u043f\u043e \u043e\u0442\u043d\u043e\u0448\u0435\u043d\u0438\u044e \u043a\u043e \u0432\u0441\u0435\u043c \u0441\u0442\u043e\u0440\u043e\u043d\u0430\u043c<\/p><\/li><\/ul><p data-start=\"2239\" data-end=\"2292\">\u0412\u0441\u044f \u0438\u043d\u0444\u043e\u0440\u043c\u0430\u0446\u0438\u044f \u043e\u0431\u0440\u0430\u0431\u0430\u0442\u044b\u0432\u0430\u0435\u0442\u0441\u044f \u0441\u043e \u0441\u0442\u0440\u043e\u0433\u043e\u0439 \u043a\u043e\u043d\u0444\u0438\u0434\u0435\u043d\u0446\u0438\u0430\u043b\u044c\u043d\u043e\u0441\u0442\u044c\u044e.<\/p>\t\t\t\t\t\t\t\t<\/div>\n\t\t\t\t<div class=\"elementor-element elementor-element-d15fee5 elementor-widget elementor-widget-heading\" data-id=\"d15fee5\" data-element_type=\"widget\" data-widget_type=\"heading.default\">\n\t\t\t\t\t<h2 class=\"elementor-heading-title elementor-size-default\">\u041c\u0435\u0442\u043e\u0434 \u0440\u0430\u0431\u043e\u0442\u044b \u0432 \u0441\u0443\u0434\u0435\u0431\u043d\u043e\u043c \u043a\u043e\u043d\u0442\u0435\u043a\u0441\u0442\u0435:<\/h2>\t\t\t\t<\/div>\n\t\t\t\t<div class=\"elementor-element elementor-element-4c806fc elementor-widget elementor-widget-text-editor\" data-id=\"4c806fc\" data-element_type=\"widget\" data-widget_type=\"text-editor.default\">\n\t\t\t\t\t\t\t\t\t<p data-start=\"2339\" data-end=\"2416\">\u041a\u0430\u0436\u0434\u043e\u0435 \u0437\u0430\u0434\u0430\u043d\u0438\u0435 \u0442\u0449\u0430\u0442\u0435\u043b\u044c\u043d\u043e \u0433\u043e\u0442\u043e\u0432\u0438\u0442\u0441\u044f. \u041f\u043e \u0432\u043e\u0437\u043c\u043e\u0436\u043d\u043e\u0441\u0442\u0438, \u044f \u043a\u043e\u043e\u0440\u0434\u0438\u043d\u0438\u0440\u0443\u044e \u0434\u0435\u0439\u0441\u0442\u0432\u0438\u044f \u0437\u0430\u0440\u0430\u043d\u0435\u0435:<\/p><ul data-start=\"2417\" data-end=\"2532\"><li data-start=\"2417\" data-end=\"2445\"><p data-start=\"2419\" data-end=\"2445\">\u0425\u0430\u0440\u0430\u043a\u0442\u0435\u0440 \u043f\u0440\u043e\u0446\u0435\u0434\u0443\u0440\u044b<\/p><\/li><li data-start=\"2446\" data-end=\"2482\"><p data-start=\"2448\" data-end=\"2482\">\u0420\u043e\u043b\u044c \u0443\u0447\u0430\u0441\u0442\u0432\u0443\u044e\u0449\u0438\u0445 \u0441\u0442\u043e\u0440\u043e\u043d<\/p><\/li><li data-start=\"2483\" data-end=\"2532\"><p data-start=\"2485\" data-end=\"2532\">\u0421\u043f\u0435\u0446\u0438\u0444\u0438\u0447\u0435\u0441\u043a\u0430\u044f \u0442\u0435\u0440\u043c\u0438\u043d\u043e\u043b\u043e\u0433\u0438\u044f \u0438\u043b\u0438 \u043f\u0440\u0430\u0432\u043e\u0432\u043e\u0439 \u043a\u043e\u043d\u0442\u0435\u043a\u0441\u0442<\/p><\/li><\/ul><p data-start=\"2534\" data-end=\"2610\">\u042d\u0442\u043e \u0441\u043f\u043e\u0441\u043e\u0431\u0441\u0442\u0432\u0443\u0435\u0442 \u043f\u0440\u0430\u0432\u0438\u043b\u044c\u043d\u043e\u043c\u0443 \u0438 \u043f\u0440\u043e\u0444\u0435\u0441\u0441\u0438\u043e\u043d\u0430\u043b\u044c\u043d\u043e\u043c\u0443 \u0432\u044b\u043f\u043e\u043b\u043d\u0435\u043d\u0438\u044e \u0437\u0430\u0434\u0430\u043d\u0438\u044f.<\/p>\t\t\t\t\t\t\t\t<\/div>\n\t\t\t\t<div class=\"elementor-element elementor-element-7f61258 elementor-widget elementor-widget-heading\" data-id=\"7f61258\" data-element_type=\"widget\" data-widget_type=\"heading.default\">\n\t\t\t\t\t<h2 class=\"elementor-heading-title elementor-size-default\">\u041f\u043e\u0434\u0445\u043e\u0434\u0438\u0442, \u0432 \u0447\u0430\u0441\u0442\u043d\u043e\u0441\u0442\u0438, \u0434\u043b\u044f:<\/h2>\t\t\t\t<\/div>\n\t\t\t\t<div class=\"elementor-element elementor-element-5c01539 elementor-widget elementor-widget-text-editor\" data-id=\"5c01539\" data-element_type=\"widget\" data-widget_type=\"text-editor.default\">\n\t\t\t\t\t\t\t\t\t<p data-start=\"2640\" data-end=\"2701\">\u041c\u043e\u0438 \u0443\u0441\u043b\u0443\u0433\u0438 \u0432 \u0441\u0444\u0435\u0440\u0435 \u0441\u0443\u0434\u0435\u0431\u043d\u043e\u0433\u043e \u043f\u0440\u0430\u0432\u043e\u0441\u0443\u0434\u0438\u044f \u043f\u043e\u0434\u0445\u043e\u0434\u044f\u0442 \u0434\u043b\u044f:<\/p><ul data-start=\"2702\" data-end=\"2846\"><li data-start=\"2702\" data-end=\"2717\"><p data-start=\"2704\" data-end=\"2717\">\u0421\u0443\u0434\u044b<\/p><\/li><li data-start=\"2718\" data-end=\"2741\"><p data-start=\"2720\" data-end=\"2741\">\u0413\u043e\u0441\u0443\u0434\u0430\u0440\u0441\u0442\u0432\u0435\u043d\u043d\u0430\u044f \u043f\u0440\u043e\u043a\u0443\u0440\u0430\u0442\u0443\u0440\u0430<\/p><\/li><li data-start=\"2742\" data-end=\"2775\"><p data-start=\"2744\" data-end=\"2775\">\u041f\u043e\u043b\u0438\u0446\u0438\u044f \u0438 \u0441\u043b\u0435\u0434\u0441\u0442\u0432\u0435\u043d\u043d\u044b\u0435 \u0441\u043b\u0443\u0436\u0431\u044b<\/p><\/li><li data-start=\"2776\" data-end=\"2822\"><p data-start=\"2778\" data-end=\"2822\">\u042e\u0440\u0438\u0441\u0442\u044b \u0438 \u044e\u0440\u0438\u0434\u0438\u0447\u0435\u0441\u043a\u0438\u0435 \u043f\u0440\u0435\u0434\u0441\u0442\u0430\u0432\u0438\u0442\u0435\u043b\u0438<\/p><\/li><li data-start=\"2823\" data-end=\"2846\"><p data-start=\"2825\" data-end=\"2846\">\u043f\u0440\u0430\u0432\u0438\u0442\u0435\u043b\u044c\u0441\u0442\u0432\u0435\u043d\u043d\u044b\u0435 \u0443\u0447\u0440\u0435\u0436\u0434\u0435\u043d\u0438\u044f<\/p><\/li><\/ul>\t\t\t\t\t\t\t\t<\/div>\n\t\t\t\t\t<\/div>\n\t\t<\/div>\n\t\t\t\t<div class=\"elementor-column elementor-col-50 elementor-top-column elementor-element elementor-element-60489ad2\" data-id=\"60489ad2\" data-element_type=\"column\">\n\t\t\t<div class=\"elementor-widget-wrap elementor-element-populated\">\n\t\t\t\t\t\t<div class=\"elementor-element elementor-element-33871822 elementor-cta--skin-cover elementor-cta--valign-bottom elementor-bg-transform elementor-bg-transform-zoom-in elementor-invisible elementor-widget elementor-widget-call-to-action\" data-id=\"33871822\" data-element_type=\"widget\" data-settings=\"{&quot;_animation&quot;:&quot;fadeInUp&quot;}\" data-widget_type=\"call-to-action.default\">\n\t\t\t\t\t\t\t<div class=\"elementor-cta\">\n\t\t\t\t\t<div class=\"elementor-cta__bg-wrapper\">\n\t\t\t\t<div class=\"elementor-cta__bg elementor-bg\" style=\"background-image: url(https:\/\/ztranslate.klantvoorbeeld.nl\/wp-content\/uploads\/2025\/12\/note-book-with-fabric-bookmark-2024-11-27-09-37-06-utc-scaled.jpg);\" role=\"img\" aria-label=\"\u0411\u043b\u043e\u043a\u043d\u043e\u0442 \u0432 \u0447\u0451\u0440\u043d\u043e\u0439 \u043e\u0431\u043b\u043e\u0436\u043a\u0435 \u0441 \u0442\u043a\u0430\u043d\u0435\u0432\u043e\u0439 \u0437\u0430\u043a\u043b\u0430\u0434\u043a\u043e\u0439.\"><\/div>\n\t\t\t\t<div class=\"elementor-cta__bg-overlay\"><\/div>\n\t\t\t<\/div>\n\t\t\t\t\t\t\t<div class=\"elementor-cta__content\">\n\t\t\t\t\n\t\t\t\t\t\t\t\t\t<h2 class=\"elementor-cta__title elementor-cta__content-item elementor-content-item\">\n\t\t\t\t\t\t\u041a\u043e\u043d\u0442\u0430\u043a\u0442\u044b \u0438 \u043d\u0430\u043b\u0438\u0447\u0438\u0435 \u0441\u0432\u043e\u0431\u043e\u0434\u043d\u044b\u0445 \u043c\u0435\u0441\u0442\t\t\t\t\t<\/h2>\n\t\t\t\t\n\t\t\t\t\t\t\t\t\t<div class=\"elementor-cta__description elementor-cta__content-item elementor-content-item\">\n\t\t\t\t\t\t\u041f\u043e \u0432\u043e\u043f\u0440\u043e\u0441\u0430\u043c, \u043a\u0430\u0441\u0430\u044e\u0449\u0438\u043c\u0441\u044f \u0440\u0430\u0431\u043e\u0442\u044b \u0432 \u0434\u0435\u043f\u0430\u0440\u0442\u0430\u043c\u0435\u043d\u0442\u0435 \u00ab\u0421\u0443\u0434 \u0438 \u043f\u0440\u0430\u0432\u043e\u0441\u0443\u0434\u0438\u0435\u00bb, \u043f\u043e\u0436\u0430\u043b\u0443\u0439\u0441\u0442\u0430, \u0441\u0432\u044f\u0436\u0438\u0442\u0435\u0441\u044c \u0441 \u043d\u0430\u043c\u0438, \u0447\u0442\u043e\u0431\u044b \u0441\u043e\u0433\u043b\u0430\u0441\u043e\u0432\u0430\u0442\u044c \u0432\u0430\u0448\u0443 \u0434\u043e\u0441\u0442\u0443\u043f\u043d\u043e\u0441\u0442\u044c \u0438 \u0443\u0441\u043b\u043e\u0432\u0438\u044f. \u0421\u0432\u043e\u0435\u0432\u0440\u0435\u043c\u0435\u043d\u043d\u043e\u0435 \u0441\u043e\u0433\u043b\u0430\u0441\u043e\u0432\u0430\u043d\u0438\u0435 \u0441\u043f\u043e\u0441\u043e\u0431\u0441\u0442\u0432\u0443\u0435\u0442 \u0442\u0449\u0430\u0442\u0435\u043b\u044c\u043d\u043e\u0439 \u043f\u043e\u0434\u0433\u043e\u0442\u043e\u0432\u043a\u0435 \u0438 \u0432\u044b\u043f\u043e\u043b\u043d\u0435\u043d\u0438\u044e \u0440\u0430\u0431\u043e\u0442\u044b.\t\t\t\t\t<\/div>\n\t\t\t\t\n\t\t\t\t\t\t\t\t\t<div class=\"elementor-cta__button-wrapper elementor-cta__content-item elementor-content-item\">\n\t\t\t\t\t<a class=\"elementor-cta__button elementor-button elementor-size-xs\" href=\"https:\/\/ztranslate.klantvoorbeeld.nl\/ru\/%d0%ba%d0%be%d0%bd%d1%82%d0%b0%d0%ba%d1%82\/\">\n\t\t\t\t\t\t\u0421\u0432\u044f\u0437\u0430\u0442\u044c\u0441\u044f \u0441 \u043d\u0430\u043c\u0438\t\t\t\t\t<\/a>\n\t\t\t\t\t<\/div>\n\t\t\t\t\t\t\t<\/div>\n\t\t\t\t\t\t<\/div>\n\t\t\t\t\t\t<\/div>\n\t\t\t\t\t<\/div>\n\t\t<\/div>\n\t\t\t\t\t<\/div>\n\t\t<\/section>\n\t\t\t\t<\/div>","protected":false},"excerpt":{"rendered":"<p>Rechtbank &amp; Justitie Be\u00ebdigde taalondersteuning binnen juridische en justiti\u00eble procedures Binnen de rechtspraak en justiti\u00eble keten is correcte en onafhankelijke communicatie van essentieel belang. Als be\u00ebdigd tolk en vertaler ondersteun ik rechtbanken, advocaten, overheidsinstanties en betrokken partijen bij procedures waarin taal geen belemmering mag vormen. Ik ben inzetbaar voor tolk- en vertaaldiensten binnen rechtbank- en [&hellip;]<\/p>\n","protected":false},"author":1,"featured_media":0,"parent":0,"menu_order":0,"comment_status":"closed","ping_status":"closed","template":"elementor_header_footer","meta":{"footnotes":""},"class_list":["post-407","page","type-page","status-publish","hentry"],"_links":{"self":[{"href":"https:\/\/ztranslate.klantvoorbeeld.nl\/ru\/wp-json\/wp\/v2\/pages\/407","targetHints":{"allow":["GET"]}}],"collection":[{"href":"https:\/\/ztranslate.klantvoorbeeld.nl\/ru\/wp-json\/wp\/v2\/pages"}],"about":[{"href":"https:\/\/ztranslate.klantvoorbeeld.nl\/ru\/wp-json\/wp\/v2\/types\/page"}],"author":[{"embeddable":true,"href":"https:\/\/ztranslate.klantvoorbeeld.nl\/ru\/wp-json\/wp\/v2\/users\/1"}],"replies":[{"embeddable":true,"href":"https:\/\/ztranslate.klantvoorbeeld.nl\/ru\/wp-json\/wp\/v2\/comments?post=407"}],"version-history":[{"count":10,"href":"https:\/\/ztranslate.klantvoorbeeld.nl\/ru\/wp-json\/wp\/v2\/pages\/407\/revisions"}],"predecessor-version":[{"id":424,"href":"https:\/\/ztranslate.klantvoorbeeld.nl\/ru\/wp-json\/wp\/v2\/pages\/407\/revisions\/424"}],"wp:attachment":[{"href":"https:\/\/ztranslate.klantvoorbeeld.nl\/ru\/wp-json\/wp\/v2\/media?parent=407"}],"curies":[{"name":"WP","href":"https:\/\/api.w.org\/{rel}","templated":true}]}}