{"id":419,"date":"2025-12-27T19:39:25","date_gmt":"2025-12-27T19:39:25","guid":{"rendered":"https:\/\/ztranslate.klantvoorbeeld.nl\/?page_id=419"},"modified":"2025-12-27T19:49:22","modified_gmt":"2025-12-27T19:49:22","slug":"notariaat-akten","status":"publish","type":"page","link":"https:\/\/ztranslate.klantvoorbeeld.nl\/pl\/notariaat-akten\/","title":{"rendered":"Notariusz i akty"},"content":{"rendered":"<div data-elementor-type=\"wp-page\" data-elementor-id=\"419\" class=\"elementor elementor-419\" data-elementor-post-type=\"page\">\n\t\t\t\t\t\t<section class=\"elementor-section elementor-top-section elementor-element elementor-element-7d118a6d elementor-section-content-middle elementor-section-boxed elementor-section-height-default elementor-section-height-default\" data-id=\"7d118a6d\" data-element_type=\"section\" data-settings=\"{&quot;background_background&quot;:&quot;classic&quot;}\">\n\t\t\t\t\t\t\t<div class=\"elementor-background-overlay\"><\/div>\n\t\t\t\t\t\t\t<div class=\"elementor-container elementor-column-gap-default\">\n\t\t\t\t\t<div class=\"elementor-column elementor-col-100 elementor-top-column elementor-element elementor-element-4c3b085d\" data-id=\"4c3b085d\" data-element_type=\"column\">\n\t\t\t<div class=\"elementor-widget-wrap elementor-element-populated\">\n\t\t\t\t\t\t<section class=\"elementor-section elementor-inner-section elementor-element elementor-element-45d29e1 elementor-section-boxed elementor-section-height-default elementor-section-height-default\" data-id=\"45d29e1\" data-element_type=\"section\">\n\t\t\t\t\t\t<div class=\"elementor-container elementor-column-gap-default\">\n\t\t\t\t\t<div class=\"elementor-column elementor-col-100 elementor-inner-column elementor-element elementor-element-10fd2c9c\" data-id=\"10fd2c9c\" data-element_type=\"column\">\n\t\t\t<div class=\"elementor-widget-wrap elementor-element-populated\">\n\t\t\t\t\t\t<div class=\"elementor-element elementor-element-4db9b9e3 elementor-invisible elementor-widget elementor-widget-heading\" data-id=\"4db9b9e3\" data-element_type=\"widget\" data-settings=\"{&quot;_animation&quot;:&quot;fadeInRight&quot;}\" data-widget_type=\"heading.default\">\n\t\t\t\t\t<h2 class=\"elementor-heading-title elementor-size-default\">Notariusz i akty<\/h2>\t\t\t\t<\/div>\n\t\t\t\t<div class=\"elementor-element elementor-element-71219151 elementor-invisible elementor-widget elementor-widget-heading\" data-id=\"71219151\" data-element_type=\"widget\" data-settings=\"{&quot;_animation&quot;:&quot;fadeInRight&quot;,&quot;_animation_delay&quot;:240}\" data-widget_type=\"heading.default\">\n\t\t\t\t\t<h2 class=\"elementor-heading-title elementor-size-default\">Be\u00ebdigde taalondersteuning bij notari\u00eble akten en offici\u00eble verklaringen<\/h2>\t\t\t\t<\/div>\n\t\t\t\t<div class=\"elementor-element elementor-element-4f231226 elementor-invisible elementor-widget elementor-widget-text-editor\" data-id=\"4f231226\" data-element_type=\"widget\" data-settings=\"{&quot;_animation&quot;:&quot;fadeInRight&quot;,&quot;_animation_delay&quot;:480}\" data-widget_type=\"text-editor.default\">\n\t\t\t\t\t\t\t\t\t<p data-start=\"410\" data-end=\"709\">Bij notari\u00eble handelingen is het van groot belang dat alle betrokken partijen de inhoud van akten en verklaringen volledig begrijpen. Als be\u00ebdigd tolk en vertaler bied ik professionele ondersteuning bij notari\u00eble procedures waarbij \u00e9\u00e9n of meerdere partijen de Nederlandse taal onvoldoende beheersen.<\/p><p data-start=\"711\" data-end=\"834\">Mijn diensten worden ingezet om te waarborgen dat notari\u00eble akten correct, transparant en rechtsgeldig tot stand komen.<\/p>\t\t\t\t\t\t\t\t<\/div>\n\t\t\t\t\t<\/div>\n\t\t<\/div>\n\t\t\t\t\t<\/div>\n\t\t<\/section>\n\t\t\t\t\t<\/div>\n\t\t<\/div>\n\t\t\t\t\t<\/div>\n\t\t<\/section>\n\t\t\t\t<section class=\"elementor-section elementor-top-section elementor-element elementor-element-5c1de1ac elementor-section-boxed elementor-section-height-default elementor-section-height-default\" data-id=\"5c1de1ac\" data-element_type=\"section\">\n\t\t\t\t\t\t<div class=\"elementor-container elementor-column-gap-default\">\n\t\t\t\t\t<div class=\"elementor-column elementor-col-50 elementor-top-column elementor-element elementor-element-663bc842\" data-id=\"663bc842\" data-element_type=\"column\">\n\t\t\t<div class=\"elementor-widget-wrap elementor-element-populated\">\n\t\t\t\t\t\t<div class=\"elementor-element elementor-element-43d1710f elementor-widget elementor-widget-heading\" data-id=\"43d1710f\" data-element_type=\"widget\" data-widget_type=\"heading.default\">\n\t\t\t\t\t<h2 class=\"elementor-heading-title elementor-size-default\">Be\u00ebdigd tolk bij het notariaat<\/h2>\t\t\t\t<\/div>\n\t\t\t\t<div class=\"elementor-element elementor-element-72f39750 elementor-widget elementor-widget-text-editor\" data-id=\"72f39750\" data-element_type=\"widget\" data-widget_type=\"text-editor.default\">\n\t\t\t\t\t\t\t\t\t<p data-start=\"876\" data-end=\"927\">Als be\u00ebdigd tolk ben ik inzetbaar bij onder andere:<\/p><ul data-start=\"928\" data-end=\"1065\"><li data-start=\"928\" data-end=\"964\"><p data-start=\"930\" data-end=\"964\">Het passeren van notari\u00eble akten<\/p><\/li><li data-start=\"965\" data-end=\"995\"><p data-start=\"967\" data-end=\"995\">Verklaringen en volmachten<\/p><\/li><li data-start=\"996\" data-end=\"1028\"><p data-start=\"998\" data-end=\"1028\">Oprichtingsakten en statuten<\/p><\/li><li data-start=\"1029\" data-end=\"1065\"><p data-start=\"1031\" data-end=\"1065\">Leveringsakten en hypotheekakten<\/p><\/li><\/ul><p data-start=\"1067\" data-end=\"1217\">Tijdens het gesprek zorg ik voor een volledige en neutrale mondelinge overdracht, zodat alle partijen de inhoud en gevolgen van de akte begrijpen.<\/p><p data-start=\"1219\" data-end=\"1245\"><strong>Beschikbare tolktalen:<\/strong><\/p><ul data-start=\"1246\" data-end=\"1372\"><li data-start=\"1246\" data-end=\"1279\"><p data-start=\"1248\" data-end=\"1279\">Czeski \u2013 t\u0142umacz przysi\u0119g\u0142y<\/p><\/li><li data-start=\"1280\" data-end=\"1311\"><p data-start=\"1282\" data-end=\"1311\">Rosyjski \u2013 t\u0142umacz przysi\u0119g\u0142y<\/p><\/li><li data-start=\"1312\" data-end=\"1343\"><p data-start=\"1314\" data-end=\"1343\">S\u0142owacki \u2013 t\u0142umacz przysi\u0119g\u0142y<\/p><\/li><li data-start=\"1344\" data-end=\"1372\"><p data-start=\"1346\" data-end=\"1372\">Pools \u2013 be\u00ebdigd tolk<\/p><\/li><\/ul>\t\t\t\t\t\t\t\t<\/div>\n\t\t\t\t<div class=\"elementor-element elementor-element-7f5c313 elementor-widget elementor-widget-heading\" data-id=\"7f5c313\" data-element_type=\"widget\" data-widget_type=\"heading.default\">\n\t\t\t\t\t<h2 class=\"elementor-heading-title elementor-size-default\">Be\u00ebdigde vertalingen van notari\u00eble akten:<\/h2>\t\t\t\t<\/div>\n\t\t\t\t<div class=\"elementor-element elementor-element-256eeae elementor-widget elementor-widget-text-editor\" data-id=\"256eeae\" data-element_type=\"widget\" data-widget_type=\"text-editor.default\">\n\t\t\t\t\t\t\t\t\t<p data-start=\"1424\" data-end=\"1628\">Voor schriftelijke stukken verzorg ik be\u00ebdigde vertalingen die officieel worden erkend door notarissen en andere instanties. De vertalingen worden voorzien van een verklaring, handtekening en stempel.<\/p><p data-start=\"1630\" data-end=\"1656\"><strong>Be\u00ebdigde vertaaltalen:<\/strong><\/p><ul data-start=\"1657\" data-end=\"1746\"><li data-start=\"1657\" data-end=\"1675\"><p data-start=\"1659\" data-end=\"1675\">Tsjechisch<\/p><\/li><li data-start=\"1676\" data-end=\"1692\"><p data-start=\"1678\" data-end=\"1692\">Russisch<\/p><\/li><li data-start=\"1693\" data-end=\"1746\"><p data-start=\"1695\" data-end=\"1746\">Slowaaks <em data-start=\"1708\" data-end=\"1744\">(a\u017c do)<\/em><\/p><\/li><li data-start=\"1693\" data-end=\"1746\"><p data-start=\"1695\" data-end=\"1746\">Pools bied ik uitsluitend tolkdiensten en geen vertaaldiensten.<\/p><\/li><\/ul>\t\t\t\t\t\t\t\t<\/div>\n\t\t\t\t<div class=\"elementor-element elementor-element-72a7c71 elementor-widget elementor-widget-heading\" data-id=\"72a7c71\" data-element_type=\"widget\" data-widget_type=\"heading.default\">\n\t\t\t\t\t<h2 class=\"elementor-heading-title elementor-size-default\">Zorgvuldigheid en rechtszekerheid:<\/h2>\t\t\t\t<\/div>\n\t\t\t\t<div class=\"elementor-element elementor-element-2c5706c elementor-widget elementor-widget-text-editor\" data-id=\"2c5706c\" data-element_type=\"widget\" data-widget_type=\"text-editor.default\">\n\t\t\t\t\t\t\t\t\t<p data-start=\"1867\" data-end=\"1983\">Binnen het notariaat staan rechtszekerheid en zorgvuldigheid centraal. Als be\u00ebdigd tolk en vertaler werk ik conform:<\/p><ul data-start=\"1984\" data-end=\"2121\"><li data-start=\"1984\" data-end=\"2030\"><p data-start=\"1986\" data-end=\"2030\">Wettelijke verplichtingen en beroepsnormen<\/p><\/li><li data-start=\"2031\" data-end=\"2065\"><p data-start=\"2033\" data-end=\"2065\">Volledige geheimhoudingsplicht<\/p><\/li><li data-start=\"2066\" data-end=\"2121\"><p data-start=\"2068\" data-end=\"2121\">Strikte neutraliteit ten opzichte van alle partijen<\/p><\/li><\/ul><p data-start=\"2123\" data-end=\"2186\">Dit draagt bij aan een correct en betrouwbaar notarieel proces.<\/p>\t\t\t\t\t\t\t\t<\/div>\n\t\t\t\t<div class=\"elementor-element elementor-element-d15fee5 elementor-widget elementor-widget-heading\" data-id=\"d15fee5\" data-element_type=\"widget\" data-widget_type=\"heading.default\">\n\t\t\t\t\t<h2 class=\"elementor-heading-title elementor-size-default\">Metoda:<\/h2>\t\t\t\t<\/div>\n\t\t\t\t<div class=\"elementor-element elementor-element-4c806fc elementor-widget elementor-widget-text-editor\" data-id=\"4c806fc\" data-element_type=\"widget\" data-widget_type=\"text-editor.default\">\n\t\t\t\t\t\t\t\t\t<p data-start=\"2207\" data-end=\"2275\">Voorafgaand aan een notari\u00eble afspraak vindt afstemming plaats over:<\/p><ul data-start=\"2276\" data-end=\"2390\"><li data-start=\"2276\" data-end=\"2307\"><p data-start=\"2278\" data-end=\"2307\">Het type akte of verklaring<\/p><\/li><li data-start=\"2308\" data-end=\"2330\"><p data-start=\"2310\" data-end=\"2330\">De betrokken talen<\/p><\/li><li data-start=\"2331\" data-end=\"2390\"><p data-start=\"2333\" data-end=\"2390\">De gewenste vorm van ondersteuning (tolken of vertalen)<\/p><\/li><\/ul><p data-start=\"2392\" data-end=\"2504\">Waar mogelijk bereid ik mij inhoudelijk voor, zodat de notari\u00eble handeling effici\u00ebnt en zorgvuldig kan verlopen.<\/p>\t\t\t\t\t\t\t\t<\/div>\n\t\t\t\t<div class=\"elementor-element elementor-element-7f61258 elementor-widget elementor-widget-heading\" data-id=\"7f61258\" data-element_type=\"widget\" data-widget_type=\"heading.default\">\n\t\t\t\t\t<h2 class=\"elementor-heading-title elementor-size-default\">Geschikt voor o.a.:<\/h2>\t\t\t\t<\/div>\n\t\t\t\t<div class=\"elementor-element elementor-element-5c01539 elementor-widget elementor-widget-text-editor\" data-id=\"5c01539\" data-element_type=\"widget\" data-widget_type=\"text-editor.default\">\n\t\t\t\t\t\t\t\t\t<p data-start=\"2534\" data-end=\"2592\">Mijn diensten binnen Notariaat &amp; Akten zijn geschikt voor:<\/p><ul data-start=\"2593\" data-end=\"2715\"><li data-start=\"2593\" data-end=\"2612\"><p data-start=\"2595\" data-end=\"2612\">Notariskantoren<\/p><\/li><li data-start=\"2613\" data-end=\"2630\"><p data-start=\"2615\" data-end=\"2630\">Particulieren<\/p><\/li><li data-start=\"2631\" data-end=\"2664\"><p data-start=\"2633\" data-end=\"2664\">Ondernemers en rechtspersonen<\/p><\/li><li data-start=\"2665\" data-end=\"2715\"><p data-start=\"2667\" data-end=\"2715\">Vastgoed- en ondernemingsrechtelijke trajecten<\/p><\/li><\/ul>\t\t\t\t\t\t\t\t<\/div>\n\t\t\t\t\t<\/div>\n\t\t<\/div>\n\t\t\t\t<div class=\"elementor-column elementor-col-50 elementor-top-column elementor-element elementor-element-60489ad2\" data-id=\"60489ad2\" data-element_type=\"column\">\n\t\t\t<div class=\"elementor-widget-wrap elementor-element-populated\">\n\t\t\t\t\t\t<div class=\"elementor-element elementor-element-33871822 elementor-cta--skin-cover elementor-cta--valign-bottom elementor-bg-transform elementor-bg-transform-zoom-in elementor-invisible elementor-widget elementor-widget-call-to-action\" data-id=\"33871822\" data-element_type=\"widget\" data-settings=\"{&quot;_animation&quot;:&quot;fadeInUp&quot;}\" data-widget_type=\"call-to-action.default\">\n\t\t\t\t\t\t\t<div class=\"elementor-cta\">\n\t\t\t\t\t<div class=\"elementor-cta__bg-wrapper\">\n\t\t\t\t<div class=\"elementor-cta__bg elementor-bg\" style=\"background-image: url(https:\/\/ztranslate.klantvoorbeeld.nl\/wp-content\/uploads\/2025\/12\/note-book-with-fabric-bookmark-2024-11-27-09-37-06-utc-scaled.jpg);\" role=\"img\" aria-label=\"Notatnik w czarnej ok\u0142adce z zak\u0142adk\u0105 z materia\u0142u.\"><\/div>\n\t\t\t\t<div class=\"elementor-cta__bg-overlay\"><\/div>\n\t\t\t<\/div>\n\t\t\t\t\t\t\t<div class=\"elementor-cta__content\">\n\t\t\t\t\n\t\t\t\t\t\t\t\t\t<h2 class=\"elementor-cta__title elementor-cta__content-item elementor-content-item\">\n\t\t\t\t\t\tKontakt i dost\u0119pno\u015b\u0107\t\t\t\t\t<\/h2>\n\t\t\t\t\n\t\t\t\t\t\t\t\t\t<div class=\"elementor-cta__description elementor-cta__content-item elementor-content-item\">\n\t\t\t\t\t\tWilt u een be\u00ebdigd tolk of vertaler inzetten bij een notari\u00eble akte? Neem contact op om de beschikbaarheid en voorwaarden te bespreken.\t\t\t\t\t<\/div>\n\t\t\t\t\n\t\t\t\t\t\t\t\t\t<div class=\"elementor-cta__button-wrapper elementor-cta__content-item elementor-content-item\">\n\t\t\t\t\t<a class=\"elementor-cta__button elementor-button elementor-size-xs\" href=\"https:\/\/ztranslate.klantvoorbeeld.nl\/pl\/contact\/\">\n\t\t\t\t\t\tSkontaktuj si\u0119 z nami\t\t\t\t\t<\/a>\n\t\t\t\t\t<\/div>\n\t\t\t\t\t\t\t<\/div>\n\t\t\t\t\t\t<\/div>\n\t\t\t\t\t\t<\/div>\n\t\t\t\t\t<\/div>\n\t\t<\/div>\n\t\t\t\t\t<\/div>\n\t\t<\/section>\n\t\t\t\t<\/div>","protected":false},"excerpt":{"rendered":"<p>Notariaat &amp; Akten Be\u00ebdigde taalondersteuning bij notari\u00eble akten en offici\u00eble verklaringen Bij notari\u00eble handelingen is het van groot belang dat alle betrokken partijen de inhoud van akten en verklaringen volledig begrijpen. Als be\u00ebdigd tolk en vertaler bied ik professionele ondersteuning bij notari\u00eble procedures waarbij \u00e9\u00e9n of meerdere partijen de Nederlandse taal onvoldoende beheersen. Mijn diensten [&hellip;]<\/p>\n","protected":false},"author":1,"featured_media":0,"parent":0,"menu_order":0,"comment_status":"closed","ping_status":"closed","template":"elementor_header_footer","meta":{"footnotes":""},"class_list":["post-419","page","type-page","status-publish","hentry"],"_links":{"self":[{"href":"https:\/\/ztranslate.klantvoorbeeld.nl\/pl\/wp-json\/wp\/v2\/pages\/419","targetHints":{"allow":["GET"]}}],"collection":[{"href":"https:\/\/ztranslate.klantvoorbeeld.nl\/pl\/wp-json\/wp\/v2\/pages"}],"about":[{"href":"https:\/\/ztranslate.klantvoorbeeld.nl\/pl\/wp-json\/wp\/v2\/types\/page"}],"author":[{"embeddable":true,"href":"https:\/\/ztranslate.klantvoorbeeld.nl\/pl\/wp-json\/wp\/v2\/users\/1"}],"replies":[{"embeddable":true,"href":"https:\/\/ztranslate.klantvoorbeeld.nl\/pl\/wp-json\/wp\/v2\/comments?post=419"}],"version-history":[{"count":6,"href":"https:\/\/ztranslate.klantvoorbeeld.nl\/pl\/wp-json\/wp\/v2\/pages\/419\/revisions"}],"predecessor-version":[{"id":431,"href":"https:\/\/ztranslate.klantvoorbeeld.nl\/pl\/wp-json\/wp\/v2\/pages\/419\/revisions\/431"}],"wp:attachment":[{"href":"https:\/\/ztranslate.klantvoorbeeld.nl\/pl\/wp-json\/wp\/v2\/media?parent=419"}],"curies":[{"name":"wp","href":"https:\/\/api.w.org\/{rel}","templated":true}]}}