{"id":419,"date":"2025-12-27T19:39:25","date_gmt":"2025-12-27T19:39:25","guid":{"rendered":"https:\/\/ztranslate.klantvoorbeeld.nl\/?page_id=419"},"modified":"2025-12-27T19:49:22","modified_gmt":"2025-12-27T19:49:22","slug":"notarial-deeds","status":"publish","type":"page","link":"https:\/\/ztranslate.klantvoorbeeld.nl\/en\/notarial-deeds\/","title":{"rendered":"Notary &amp; Deeds"},"content":{"rendered":"<div data-elementor-type=\"wp-page\" data-elementor-id=\"419\" class=\"elementor elementor-419\" data-elementor-post-type=\"page\">\n\t\t\t\t\t\t<section class=\"elementor-section elementor-top-section elementor-element elementor-element-7d118a6d elementor-section-content-middle elementor-section-boxed elementor-section-height-default elementor-section-height-default\" data-id=\"7d118a6d\" data-element_type=\"section\" data-settings=\"{&quot;background_background&quot;:&quot;classic&quot;}\">\n\t\t\t\t\t\t\t<div class=\"elementor-background-overlay\"><\/div>\n\t\t\t\t\t\t\t<div class=\"elementor-container elementor-column-gap-default\">\n\t\t\t\t\t<div class=\"elementor-column elementor-col-100 elementor-top-column elementor-element elementor-element-4c3b085d\" data-id=\"4c3b085d\" data-element_type=\"column\">\n\t\t\t<div class=\"elementor-widget-wrap elementor-element-populated\">\n\t\t\t\t\t\t<section class=\"elementor-section elementor-inner-section elementor-element elementor-element-45d29e1 elementor-section-boxed elementor-section-height-default elementor-section-height-default\" data-id=\"45d29e1\" data-element_type=\"section\">\n\t\t\t\t\t\t<div class=\"elementor-container elementor-column-gap-default\">\n\t\t\t\t\t<div class=\"elementor-column elementor-col-100 elementor-inner-column elementor-element elementor-element-10fd2c9c\" data-id=\"10fd2c9c\" data-element_type=\"column\">\n\t\t\t<div class=\"elementor-widget-wrap elementor-element-populated\">\n\t\t\t\t\t\t<div class=\"elementor-element elementor-element-4db9b9e3 elementor-invisible elementor-widget elementor-widget-heading\" data-id=\"4db9b9e3\" data-element_type=\"widget\" data-settings=\"{&quot;_animation&quot;:&quot;fadeInRight&quot;}\" data-widget_type=\"heading.default\">\n\t\t\t\t\t<h2 class=\"elementor-heading-title elementor-size-default\">Notary &amp; Deeds<\/h2>\t\t\t\t<\/div>\n\t\t\t\t<div class=\"elementor-element elementor-element-71219151 elementor-invisible elementor-widget elementor-widget-heading\" data-id=\"71219151\" data-element_type=\"widget\" data-settings=\"{&quot;_animation&quot;:&quot;fadeInRight&quot;,&quot;_animation_delay&quot;:240}\" data-widget_type=\"heading.default\">\n\t\t\t\t\t<h2 class=\"elementor-heading-title elementor-size-default\">Sworn language support for notarial deeds and official declarations<\/h2>\t\t\t\t<\/div>\n\t\t\t\t<div class=\"elementor-element elementor-element-4f231226 elementor-invisible elementor-widget elementor-widget-text-editor\" data-id=\"4f231226\" data-element_type=\"widget\" data-settings=\"{&quot;_animation&quot;:&quot;fadeInRight&quot;,&quot;_animation_delay&quot;:480}\" data-widget_type=\"text-editor.default\">\n\t\t\t\t\t\t\t\t\t<p data-start=\"410\" data-end=\"709\">In notarial acts, it is of great importance that all parties involved fully understand the content of deeds and declarations. As a sworn interpreter and translator, I offer professional support in notarial proceedings where one or more parties have an insufficient command of the Dutch language.<\/p><p data-start=\"711\" data-end=\"834\">My services are deployed to ensure that notarial deeds are drawn up correctly, transparently, and legally validly.<\/p>\t\t\t\t\t\t\t\t<\/div>\n\t\t\t\t\t<\/div>\n\t\t<\/div>\n\t\t\t\t\t<\/div>\n\t\t<\/section>\n\t\t\t\t\t<\/div>\n\t\t<\/div>\n\t\t\t\t\t<\/div>\n\t\t<\/section>\n\t\t\t\t<section class=\"elementor-section elementor-top-section elementor-element elementor-element-5c1de1ac elementor-section-boxed elementor-section-height-default elementor-section-height-default\" data-id=\"5c1de1ac\" data-element_type=\"section\">\n\t\t\t\t\t\t<div class=\"elementor-container elementor-column-gap-default\">\n\t\t\t\t\t<div class=\"elementor-column elementor-col-50 elementor-top-column elementor-element elementor-element-663bc842\" data-id=\"663bc842\" data-element_type=\"column\">\n\t\t\t<div class=\"elementor-widget-wrap elementor-element-populated\">\n\t\t\t\t\t\t<div class=\"elementor-element elementor-element-43d1710f elementor-widget elementor-widget-heading\" data-id=\"43d1710f\" data-element_type=\"widget\" data-widget_type=\"heading.default\">\n\t\t\t\t\t<h2 class=\"elementor-heading-title elementor-size-default\">Sworn interpreter at the notary&#039;s office<\/h2>\t\t\t\t<\/div>\n\t\t\t\t<div class=\"elementor-element elementor-element-72f39750 elementor-widget elementor-widget-text-editor\" data-id=\"72f39750\" data-element_type=\"widget\" data-widget_type=\"text-editor.default\">\n\t\t\t\t\t\t\t\t\t<p data-start=\"876\" data-end=\"927\">As a sworn interpreter, I am available for, among others:<\/p><ul data-start=\"928\" data-end=\"1065\"><li data-start=\"928\" data-end=\"964\"><p data-start=\"930\" data-end=\"964\">The execution of notarial deeds<\/p><\/li><li data-start=\"965\" data-end=\"995\"><p data-start=\"967\" data-end=\"995\">Declarations and powers of attorney<\/p><\/li><li data-start=\"996\" data-end=\"1028\"><p data-start=\"998\" data-end=\"1028\">Deeds of incorporation and articles of association<\/p><\/li><li data-start=\"1029\" data-end=\"1065\"><p data-start=\"1031\" data-end=\"1065\">Deeds of transfer and mortgage deeds<\/p><\/li><\/ul><p data-start=\"1067\" data-end=\"1217\">During the meeting, I ensure a complete and neutral verbal transfer so that all parties understand the content and consequences of the deed.<\/p><p data-start=\"1219\" data-end=\"1245\"><strong>Available interpreter languages:<\/strong><\/p><ul data-start=\"1246\" data-end=\"1372\"><li data-start=\"1246\" data-end=\"1279\"><p data-start=\"1248\" data-end=\"1279\">Czech \u2013 sworn interpreter<\/p><\/li><li data-start=\"1280\" data-end=\"1311\"><p data-start=\"1282\" data-end=\"1311\">Russian \u2013 sworn interpreter<\/p><\/li><li data-start=\"1312\" data-end=\"1343\"><p data-start=\"1314\" data-end=\"1343\">Slovak \u2013 sworn interpreter<\/p><\/li><li data-start=\"1344\" data-end=\"1372\"><p data-start=\"1346\" data-end=\"1372\">Polish \u2013 sworn interpreter<\/p><\/li><\/ul>\t\t\t\t\t\t\t\t<\/div>\n\t\t\t\t<div class=\"elementor-element elementor-element-7f5c313 elementor-widget elementor-widget-heading\" data-id=\"7f5c313\" data-element_type=\"widget\" data-widget_type=\"heading.default\">\n\t\t\t\t\t<h2 class=\"elementor-heading-title elementor-size-default\">Sworn translations of notarial deeds:<\/h2>\t\t\t\t<\/div>\n\t\t\t\t<div class=\"elementor-element elementor-element-256eeae elementor-widget elementor-widget-text-editor\" data-id=\"256eeae\" data-element_type=\"widget\" data-widget_type=\"text-editor.default\">\n\t\t\t\t\t\t\t\t\t<p data-start=\"1424\" data-end=\"1628\">For written documents, I provide sworn translations that are officially recognized by notaries and other authorities. The translations are accompanied by a declaration, signature, and stamp.<\/p><p data-start=\"1630\" data-end=\"1656\"><strong>Sworn translation languages:<\/strong><\/p><ul data-start=\"1657\" data-end=\"1746\"><li data-start=\"1657\" data-end=\"1675\"><p data-start=\"1659\" data-end=\"1675\">Czech<\/p><\/li><li data-start=\"1676\" data-end=\"1692\"><p data-start=\"1678\" data-end=\"1692\">Russian<\/p><\/li><li data-start=\"1693\" data-end=\"1746\"><p data-start=\"1695\" data-end=\"1746\">Slovak <em data-start=\"1708\" data-end=\"1744\">(pending)<\/em><\/p><\/li><li data-start=\"1693\" data-end=\"1746\"><p data-start=\"1695\" data-end=\"1746\">For Polish, I offer exclusively interpreting services and no translation services.<\/p><\/li><\/ul>\t\t\t\t\t\t\t\t<\/div>\n\t\t\t\t<div class=\"elementor-element elementor-element-72a7c71 elementor-widget elementor-widget-heading\" data-id=\"72a7c71\" data-element_type=\"widget\" data-widget_type=\"heading.default\">\n\t\t\t\t\t<h2 class=\"elementor-heading-title elementor-size-default\">Due diligence and legal certainty:<\/h2>\t\t\t\t<\/div>\n\t\t\t\t<div class=\"elementor-element elementor-element-2c5706c elementor-widget elementor-widget-text-editor\" data-id=\"2c5706c\" data-element_type=\"widget\" data-widget_type=\"text-editor.default\">\n\t\t\t\t\t\t\t\t\t<p data-start=\"1867\" data-end=\"1983\">Legal certainty and diligence are paramount within the notarial profession. As a sworn interpreter and translator, I work in accordance with:<\/p><ul data-start=\"1984\" data-end=\"2121\"><li data-start=\"1984\" data-end=\"2030\"><p data-start=\"1986\" data-end=\"2030\">Legal obligations and professional standards<\/p><\/li><li data-start=\"2031\" data-end=\"2065\"><p data-start=\"2033\" data-end=\"2065\">Full duty of confidentiality<\/p><\/li><li data-start=\"2066\" data-end=\"2121\"><p data-start=\"2068\" data-end=\"2121\">Strict neutrality towards all parties<\/p><\/li><\/ul><p data-start=\"2123\" data-end=\"2186\">This contributes to a correct and reliable notarial process.<\/p>\t\t\t\t\t\t\t\t<\/div>\n\t\t\t\t<div class=\"elementor-element elementor-element-d15fee5 elementor-widget elementor-widget-heading\" data-id=\"d15fee5\" data-element_type=\"widget\" data-widget_type=\"heading.default\">\n\t\t\t\t\t<h2 class=\"elementor-heading-title elementor-size-default\">Method:<\/h2>\t\t\t\t<\/div>\n\t\t\t\t<div class=\"elementor-element elementor-element-4c806fc elementor-widget elementor-widget-text-editor\" data-id=\"4c806fc\" data-element_type=\"widget\" data-widget_type=\"text-editor.default\">\n\t\t\t\t\t\t\t\t\t<p data-start=\"2207\" data-end=\"2275\">Prior to a notarial appointment, coordination takes place regarding:<\/p><ul data-start=\"2276\" data-end=\"2390\"><li data-start=\"2276\" data-end=\"2307\"><p data-start=\"2278\" data-end=\"2307\">The type of deed or statement<\/p><\/li><li data-start=\"2308\" data-end=\"2330\"><p data-start=\"2310\" data-end=\"2330\">The languages involved<\/p><\/li><li data-start=\"2331\" data-end=\"2390\"><p data-start=\"2333\" data-end=\"2390\">The desired form of support (interpreting or translating)<\/p><\/li><\/ul><p data-start=\"2392\" data-end=\"2504\">Where possible, I prepare myself substantively so that the notarial act can proceed efficiently and carefully.<\/p>\t\t\t\t\t\t\t\t<\/div>\n\t\t\t\t<div class=\"elementor-element elementor-element-7f61258 elementor-widget elementor-widget-heading\" data-id=\"7f61258\" data-element_type=\"widget\" data-widget_type=\"heading.default\">\n\t\t\t\t\t<h2 class=\"elementor-heading-title elementor-size-default\">Suitable for, among others:<\/h2>\t\t\t\t<\/div>\n\t\t\t\t<div class=\"elementor-element elementor-element-5c01539 elementor-widget elementor-widget-text-editor\" data-id=\"5c01539\" data-element_type=\"widget\" data-widget_type=\"text-editor.default\">\n\t\t\t\t\t\t\t\t\t<p data-start=\"2534\" data-end=\"2592\">My services within Notarial Law &amp; Deeds are suitable for:<\/p><ul data-start=\"2593\" data-end=\"2715\"><li data-start=\"2593\" data-end=\"2612\"><p data-start=\"2595\" data-end=\"2612\">Notary offices<\/p><\/li><li data-start=\"2613\" data-end=\"2630\"><p data-start=\"2615\" data-end=\"2630\">Private individuals<\/p><\/li><li data-start=\"2631\" data-end=\"2664\"><p data-start=\"2633\" data-end=\"2664\">Entrepreneurs and legal entities<\/p><\/li><li data-start=\"2665\" data-end=\"2715\"><p data-start=\"2667\" data-end=\"2715\">Real estate and corporate law processes<\/p><\/li><\/ul>\t\t\t\t\t\t\t\t<\/div>\n\t\t\t\t\t<\/div>\n\t\t<\/div>\n\t\t\t\t<div class=\"elementor-column elementor-col-50 elementor-top-column elementor-element elementor-element-60489ad2\" data-id=\"60489ad2\" data-element_type=\"column\">\n\t\t\t<div class=\"elementor-widget-wrap elementor-element-populated\">\n\t\t\t\t\t\t<div class=\"elementor-element elementor-element-33871822 elementor-cta--skin-cover elementor-cta--valign-bottom elementor-bg-transform elementor-bg-transform-zoom-in elementor-invisible elementor-widget elementor-widget-call-to-action\" data-id=\"33871822\" data-element_type=\"widget\" data-settings=\"{&quot;_animation&quot;:&quot;fadeInUp&quot;}\" data-widget_type=\"call-to-action.default\">\n\t\t\t\t\t\t\t<div class=\"elementor-cta\">\n\t\t\t\t\t<div class=\"elementor-cta__bg-wrapper\">\n\t\t\t\t<div class=\"elementor-cta__bg elementor-bg\" style=\"background-image: url(https:\/\/ztranslate.klantvoorbeeld.nl\/wp-content\/uploads\/2025\/12\/note-book-with-fabric-bookmark-2024-11-27-09-37-06-utc-scaled.jpg);\" role=\"img\" aria-label=\"Black cover note book with fabric bookmark.\"><\/div>\n\t\t\t\t<div class=\"elementor-cta__bg-overlay\"><\/div>\n\t\t\t<\/div>\n\t\t\t\t\t\t\t<div class=\"elementor-cta__content\">\n\t\t\t\t\n\t\t\t\t\t\t\t\t\t<h2 class=\"elementor-cta__title elementor-cta__content-item elementor-content-item\">\n\t\t\t\t\t\tContact &amp; availability\t\t\t\t\t<\/h2>\n\t\t\t\t\n\t\t\t\t\t\t\t\t\t<div class=\"elementor-cta__description elementor-cta__content-item elementor-content-item\">\n\t\t\t\t\t\tWould you like to engage a sworn interpreter or translator for a notarial deed? Please contact us to discuss availability and terms.\t\t\t\t\t<\/div>\n\t\t\t\t\n\t\t\t\t\t\t\t\t\t<div class=\"elementor-cta__button-wrapper elementor-cta__content-item elementor-content-item\">\n\t\t\t\t\t<a class=\"elementor-cta__button elementor-button elementor-size-xs\" href=\"https:\/\/ztranslate.klantvoorbeeld.nl\/en\/contact\/\">\n\t\t\t\t\t\tContact us\t\t\t\t\t<\/a>\n\t\t\t\t\t<\/div>\n\t\t\t\t\t\t\t<\/div>\n\t\t\t\t\t\t<\/div>\n\t\t\t\t\t\t<\/div>\n\t\t\t\t\t<\/div>\n\t\t<\/div>\n\t\t\t\t\t<\/div>\n\t\t<\/section>\n\t\t\t\t<\/div>","protected":false},"excerpt":{"rendered":"<p>Notariaat &amp; Akten Be\u00ebdigde taalondersteuning bij notari\u00eble akten en offici\u00eble verklaringen Bij notari\u00eble handelingen is het van groot belang dat alle betrokken partijen de inhoud van akten en verklaringen volledig begrijpen. Als be\u00ebdigd tolk en vertaler bied ik professionele ondersteuning bij notari\u00eble procedures waarbij \u00e9\u00e9n of meerdere partijen de Nederlandse taal onvoldoende beheersen. Mijn diensten [&hellip;]<\/p>\n","protected":false},"author":1,"featured_media":0,"parent":0,"menu_order":0,"comment_status":"closed","ping_status":"closed","template":"elementor_header_footer","meta":{"footnotes":""},"class_list":["post-419","page","type-page","status-publish","hentry"],"_links":{"self":[{"href":"https:\/\/ztranslate.klantvoorbeeld.nl\/en\/wp-json\/wp\/v2\/pages\/419","targetHints":{"allow":["GET"]}}],"collection":[{"href":"https:\/\/ztranslate.klantvoorbeeld.nl\/en\/wp-json\/wp\/v2\/pages"}],"about":[{"href":"https:\/\/ztranslate.klantvoorbeeld.nl\/en\/wp-json\/wp\/v2\/types\/page"}],"author":[{"embeddable":true,"href":"https:\/\/ztranslate.klantvoorbeeld.nl\/en\/wp-json\/wp\/v2\/users\/1"}],"replies":[{"embeddable":true,"href":"https:\/\/ztranslate.klantvoorbeeld.nl\/en\/wp-json\/wp\/v2\/comments?post=419"}],"version-history":[{"count":6,"href":"https:\/\/ztranslate.klantvoorbeeld.nl\/en\/wp-json\/wp\/v2\/pages\/419\/revisions"}],"predecessor-version":[{"id":431,"href":"https:\/\/ztranslate.klantvoorbeeld.nl\/en\/wp-json\/wp\/v2\/pages\/419\/revisions\/431"}],"wp:attachment":[{"href":"https:\/\/ztranslate.klantvoorbeeld.nl\/en\/wp-json\/wp\/v2\/media?parent=419"}],"curies":[{"name":"wp","href":"https:\/\/api.w.org\/{rel}","templated":true}]}}