{"id":437,"date":"2025-12-27T19:58:03","date_gmt":"2025-12-27T19:58:03","guid":{"rendered":"https:\/\/ztranslate.klantvoorbeeld.nl\/?page_id=437"},"modified":"2025-12-27T20:06:33","modified_gmt":"2025-12-27T20:06:33","slug":"specialisaties","status":"publish","type":"page","link":"https:\/\/ztranslate.klantvoorbeeld.nl\/cs\/specialisaties\/","title":{"rendered":"Specializace"},"content":{"rendered":"<div data-elementor-type=\"wp-page\" data-elementor-id=\"437\" class=\"elementor elementor-437\" data-elementor-post-type=\"page\">\n\t\t\t\t\t\t<section class=\"elementor-section elementor-top-section elementor-element elementor-element-7d118a6d elementor-section-content-middle elementor-section-boxed elementor-section-height-default elementor-section-height-default\" data-id=\"7d118a6d\" data-element_type=\"section\" data-settings=\"{&quot;background_background&quot;:&quot;classic&quot;}\">\n\t\t\t\t\t\t\t<div class=\"elementor-background-overlay\"><\/div>\n\t\t\t\t\t\t\t<div class=\"elementor-container elementor-column-gap-default\">\n\t\t\t\t\t<div class=\"elementor-column elementor-col-100 elementor-top-column elementor-element elementor-element-4c3b085d\" data-id=\"4c3b085d\" data-element_type=\"column\">\n\t\t\t<div class=\"elementor-widget-wrap elementor-element-populated\">\n\t\t\t\t\t\t<section class=\"elementor-section elementor-inner-section elementor-element elementor-element-45d29e1 elementor-section-boxed elementor-section-height-default elementor-section-height-default\" data-id=\"45d29e1\" data-element_type=\"section\">\n\t\t\t\t\t\t<div class=\"elementor-container elementor-column-gap-default\">\n\t\t\t\t\t<div class=\"elementor-column elementor-col-100 elementor-inner-column elementor-element elementor-element-10fd2c9c\" data-id=\"10fd2c9c\" data-element_type=\"column\">\n\t\t\t<div class=\"elementor-widget-wrap elementor-element-populated\">\n\t\t\t\t\t\t<div class=\"elementor-element elementor-element-4db9b9e3 elementor-invisible elementor-widget elementor-widget-heading\" data-id=\"4db9b9e3\" data-element_type=\"widget\" data-settings=\"{&quot;_animation&quot;:&quot;fadeInRight&quot;}\" data-widget_type=\"heading.default\">\n\t\t\t\t\t<h2 class=\"elementor-heading-title elementor-size-default\">Specializace<\/h2>\t\t\t\t<\/div>\n\t\t\t\t<div class=\"elementor-element elementor-element-71219151 elementor-invisible elementor-widget elementor-widget-heading\" data-id=\"71219151\" data-element_type=\"widget\" data-settings=\"{&quot;_animation&quot;:&quot;fadeInRight&quot;,&quot;_animation_delay&quot;:240}\" data-widget_type=\"heading.default\">\n\t\t\t\t\t<h2 class=\"elementor-heading-title elementor-size-default\">Specialistische vertaaldiensten met oog voor context en precisie<\/h2>\t\t\t\t<\/div>\n\t\t\t\t<div class=\"elementor-element elementor-element-4f231226 elementor-invisible elementor-widget elementor-widget-text-editor\" data-id=\"4f231226\" data-element_type=\"widget\" data-settings=\"{&quot;_animation&quot;:&quot;fadeInRight&quot;,&quot;_animation_delay&quot;:480}\" data-widget_type=\"text-editor.default\">\n\t\t\t\t\t\t\t\t\t<p>Naast be\u00ebdigde tolk- en vertaaldiensten ben ik gespecialiseerd in specifieke vormen van vertalen waarbij context, doelgroep en terminologie doorslaggevend zijn. Deze specialisaties vragen om meer dan een letterlijke vertaling; zij vereisen inzicht in inhoud, gebruik en juridische of communicatieve gevolgen.<\/p>\t\t\t\t\t\t\t\t<\/div>\n\t\t\t\t\t<\/div>\n\t\t<\/div>\n\t\t\t\t\t<\/div>\n\t\t<\/section>\n\t\t\t\t\t<\/div>\n\t\t<\/div>\n\t\t\t\t\t<\/div>\n\t\t<\/section>\n\t\t\t\t<section class=\"elementor-section elementor-top-section elementor-element elementor-element-5c1de1ac elementor-section-boxed elementor-section-height-default elementor-section-height-default\" data-id=\"5c1de1ac\" data-element_type=\"section\">\n\t\t\t\t\t\t<div class=\"elementor-container elementor-column-gap-default\">\n\t\t\t\t\t<div class=\"elementor-column elementor-col-50 elementor-top-column elementor-element elementor-element-663bc842\" data-id=\"663bc842\" data-element_type=\"column\">\n\t\t\t<div class=\"elementor-widget-wrap elementor-element-populated\">\n\t\t\t\t\t\t<div class=\"elementor-element elementor-element-43d1710f elementor-widget elementor-widget-heading\" data-id=\"43d1710f\" data-element_type=\"widget\" data-widget_type=\"heading.default\">\n\t\t\t\t\t<h2 class=\"elementor-heading-title elementor-size-default\">Ondertiteling &amp; audiovisuele vertalingen<\/h2>\t\t\t\t<\/div>\n\t\t\t\t<div class=\"elementor-element elementor-element-72f39750 elementor-widget elementor-widget-text-editor\" data-id=\"72f39750\" data-element_type=\"widget\" data-widget_type=\"text-editor.default\">\n\t\t\t\t\t\t\t\t\t<p data-start=\"837\" data-end=\"1075\">Ondertiteling en audiovisuele vertalingen vragen om een zorgvuldige balans tussen taal, timing en leesbaarheid. Ik verzorg vertalingen die aansluiten bij het medium \u00e9n de doelgroep, zonder afbreuk te doen aan de oorspronkelijke boodschap.<\/p><p data-start=\"1077\" data-end=\"1108\"><strong>Geschikt voor onder andere:<\/strong><\/p><ul data-start=\"1109\" data-end=\"1202\"><li data-start=\"1109\" data-end=\"1136\"><p data-start=\"1111\" data-end=\"1136\">Video\u2019s en presentaties<\/p><\/li><li data-start=\"1137\" data-end=\"1163\"><p data-start=\"1139\" data-end=\"1163\">Voorlichtingsmateriaal<\/p><\/li><li data-start=\"1164\" data-end=\"1202\"><p data-start=\"1166\" data-end=\"1202\">Interviews en audiovisuele content<\/p><\/li><\/ul><p data-start=\"1204\" data-end=\"1261\">Bij audiovisuele vertalingen wordt rekening gehouden met:<\/p><ul data-start=\"1262\" data-end=\"1359\"><li data-start=\"1262\" data-end=\"1290\"><p data-start=\"1264\" data-end=\"1290\">Context en tone of voice<\/p><\/li><li data-start=\"1291\" data-end=\"1325\"><p data-start=\"1293\" data-end=\"1325\">Doelgroep en culturele nuances<\/p><\/li><li data-start=\"1326\" data-end=\"1359\"><p data-start=\"1328\" data-end=\"1359\">Duidelijkheid en consistentie<\/p><\/li><\/ul>\t\t\t\t\t\t\t\t<\/div>\n\t\t\t\t<div class=\"elementor-element elementor-element-7f5c313 elementor-widget elementor-widget-heading\" data-id=\"7f5c313\" data-element_type=\"widget\" data-widget_type=\"heading.default\">\n\t\t\t\t\t<h2 class=\"elementor-heading-title elementor-size-default\">Contractvertalingen:<\/h2>\t\t\t\t<\/div>\n\t\t\t\t<div class=\"elementor-element elementor-element-256eeae elementor-widget elementor-widget-text-editor\" data-id=\"256eeae\" data-element_type=\"widget\" data-widget_type=\"text-editor.default\">\n\t\t\t\t\t\t\t\t\t<p data-start=\"1390\" data-end=\"1600\">Contractvertalingen vereisen uiterste nauwkeurigheid en kennis van juridische terminologie. Ik verzorg vertalingen van contracten en overeenkomsten waarbij de juridische betekenis en structuur behouden blijven.<\/p><p data-start=\"1602\" data-end=\"1645\"><strong data-start=\"1602\" data-end=\"1645\">Kenmerken van mijn contractvertalingen:<\/strong><\/p><ul data-start=\"1646\" data-end=\"1785\"><li data-start=\"1646\" data-end=\"1696\"><p data-start=\"1648\" data-end=\"1696\">Zorgvuldige omgang met juridische terminologie<\/p><\/li><li data-start=\"1697\" data-end=\"1749\"><p data-start=\"1699\" data-end=\"1749\">Consistente vertaling van begrippen en clausules<\/p><\/li><li data-start=\"1750\" data-end=\"1785\"><p data-start=\"1752\" data-end=\"1785\">Heldere en correcte formulering<\/p><\/li><\/ul><p data-start=\"1787\" data-end=\"1869\">Indien nodig kan vooraf worden afgestemd of een be\u00ebdigde vertaling vereist is.<\/p>\t\t\t\t\t\t\t\t<\/div>\n\t\t\t\t<div class=\"elementor-element elementor-element-72a7c71 elementor-widget elementor-widget-heading\" data-id=\"72a7c71\" data-element_type=\"widget\" data-widget_type=\"heading.default\">\n\t\t\t\t\t<h2 class=\"elementor-heading-title elementor-size-default\">Kwaliteit en zorgvuldigheid:<\/h2>\t\t\t\t<\/div>\n\t\t\t\t<div class=\"elementor-element elementor-element-2c5706c elementor-widget elementor-widget-text-editor\" data-id=\"2c5706c\" data-element_type=\"widget\" data-widget_type=\"text-editor.default\">\n\t\t\t\t\t\t\t\t\t<p data-start=\"1908\" data-end=\"1982\">Bij alle specialistische vertalingen staat kwaliteit voorop. Dat betekent:<\/p><ul data-start=\"1983\" data-end=\"2121\"><li data-start=\"1983\" data-end=\"2029\"><p data-start=\"1985\" data-end=\"2029\">Vertalingen met oog voor inhoud en context<\/p><\/li><li data-start=\"2030\" data-end=\"2067\"><p data-start=\"2032\" data-end=\"2067\">Afstemming op het beoogde gebruik<\/p><\/li><li data-start=\"2068\" data-end=\"2121\"><p data-start=\"2070\" data-end=\"2121\">Vertrouwelijke omgang met documenten en materiaal<\/p><\/li><\/ul>\t\t\t\t\t\t\t\t<\/div>\n\t\t\t\t\t<\/div>\n\t\t<\/div>\n\t\t\t\t<div class=\"elementor-column elementor-col-50 elementor-top-column elementor-element elementor-element-60489ad2\" data-id=\"60489ad2\" data-element_type=\"column\">\n\t\t\t<div class=\"elementor-widget-wrap elementor-element-populated\">\n\t\t\t\t\t\t<div class=\"elementor-element elementor-element-33871822 elementor-cta--skin-cover elementor-cta--valign-bottom elementor-bg-transform elementor-bg-transform-zoom-in elementor-invisible elementor-widget elementor-widget-call-to-action\" data-id=\"33871822\" data-element_type=\"widget\" data-settings=\"{&quot;_animation&quot;:&quot;fadeInUp&quot;}\" data-widget_type=\"call-to-action.default\">\n\t\t\t\t\t\t\t<div class=\"elementor-cta\">\n\t\t\t\t\t<div class=\"elementor-cta__bg-wrapper\">\n\t\t\t\t<div class=\"elementor-cta__bg elementor-bg\" style=\"background-image: url(https:\/\/ztranslate.klantvoorbeeld.nl\/wp-content\/uploads\/2025\/12\/note-book-with-fabric-bookmark-2024-11-27-09-37-06-utc-scaled.jpg);\" role=\"img\" aria-label=\"Z\u00e1pisn\u00edk s \u010dern\u00fdm obalem a l\u00e1tkovou z\u00e1lo\u017ekou.\"><\/div>\n\t\t\t\t<div class=\"elementor-cta__bg-overlay\"><\/div>\n\t\t\t<\/div>\n\t\t\t\t\t\t\t<div class=\"elementor-cta__content\">\n\t\t\t\t\n\t\t\t\t\t\t\t\t\t<h2 class=\"elementor-cta__title elementor-cta__content-item elementor-content-item\">\n\t\t\t\t\t\tKontakt a dostupnost\t\t\t\t\t<\/h2>\n\t\t\t\t\n\t\t\t\t\t\t\t\t\t<div class=\"elementor-cta__description elementor-cta__content-item elementor-content-item\">\n\t\t\t\t\t\tWilt u weten of uw opdracht binnen \u00e9\u00e9n van deze specialisaties valt? Neem gerust contact op om de mogelijkheden en aanpak te bespreken.\t\t\t\t\t<\/div>\n\t\t\t\t\n\t\t\t\t\t\t\t\t\t<div class=\"elementor-cta__button-wrapper elementor-cta__content-item elementor-content-item\">\n\t\t\t\t\t<a class=\"elementor-cta__button elementor-button elementor-size-xs\" href=\"https:\/\/ztranslate.klantvoorbeeld.nl\/cs\/kontakt\/\">\n\t\t\t\t\t\tKontaktujte n\u00e1s\t\t\t\t\t<\/a>\n\t\t\t\t\t<\/div>\n\t\t\t\t\t\t\t<\/div>\n\t\t\t\t\t\t<\/div>\n\t\t\t\t\t\t<\/div>\n\t\t\t\t\t<\/div>\n\t\t<\/div>\n\t\t\t\t\t<\/div>\n\t\t<\/section>\n\t\t\t\t<\/div>","protected":false},"excerpt":{"rendered":"<p>Specialisaties Specialistische vertaaldiensten met oog voor context en precisie Naast be\u00ebdigde tolk- en vertaaldiensten ben ik gespecialiseerd in specifieke vormen van vertalen waarbij context, doelgroep en terminologie doorslaggevend zijn. Deze specialisaties vragen om meer dan een letterlijke vertaling; zij vereisen inzicht in inhoud, gebruik en juridische of communicatieve gevolgen. Ondertiteling &amp; audiovisuele vertalingen Ondertiteling en [&hellip;]<\/p>\n","protected":false},"author":1,"featured_media":0,"parent":0,"menu_order":0,"comment_status":"closed","ping_status":"closed","template":"elementor_header_footer","meta":{"footnotes":""},"class_list":["post-437","page","type-page","status-publish","hentry"],"_links":{"self":[{"href":"https:\/\/ztranslate.klantvoorbeeld.nl\/cs\/wp-json\/wp\/v2\/pages\/437","targetHints":{"allow":["GET"]}}],"collection":[{"href":"https:\/\/ztranslate.klantvoorbeeld.nl\/cs\/wp-json\/wp\/v2\/pages"}],"about":[{"href":"https:\/\/ztranslate.klantvoorbeeld.nl\/cs\/wp-json\/wp\/v2\/types\/page"}],"author":[{"embeddable":true,"href":"https:\/\/ztranslate.klantvoorbeeld.nl\/cs\/wp-json\/wp\/v2\/users\/1"}],"replies":[{"embeddable":true,"href":"https:\/\/ztranslate.klantvoorbeeld.nl\/cs\/wp-json\/wp\/v2\/comments?post=437"}],"version-history":[{"count":4,"href":"https:\/\/ztranslate.klantvoorbeeld.nl\/cs\/wp-json\/wp\/v2\/pages\/437\/revisions"}],"predecessor-version":[{"id":441,"href":"https:\/\/ztranslate.klantvoorbeeld.nl\/cs\/wp-json\/wp\/v2\/pages\/437\/revisions\/441"}],"wp:attachment":[{"href":"https:\/\/ztranslate.klantvoorbeeld.nl\/cs\/wp-json\/wp\/v2\/media?parent=437"}],"curies":[{"name":"wp","href":"https:\/\/api.w.org\/{rel}","templated":true}]}}